{"id":1873,"date":"2024-05-27T08:22:49","date_gmt":"2024-05-27T08:22:49","guid":{"rendered":"https:\/\/sandbox_wp.algarveboatrental.com\/faqs\/"},"modified":"2025-07-23T11:19:35","modified_gmt":"2025-07-23T11:19:35","slug":"faqs","status":"publish","type":"page","link":"https:\/\/www.algarveboatrental.com\/de\/faqs\/","title":{"rendered":"FAQs"},"content":{"rendered":"\n<div class=\"wp-block-columns alignwide is-layout-flex wp-container-core-columns-is-layout-eacb975e wp-block-columns-is-layout-flex\" style=\"margin-top:var(--wp--preset--spacing--50);margin-bottom:var(--wp--preset--spacing--50)\">\n<div class=\"wp-block-column is-vertically-aligned-stretch is-layout-flow wp-block-column-is-layout-flow\">\n<h2 class=\"wp-block-heading\" id=\"h-frequently-asked-questions\" style=\"margin-bottom:var(--wp--preset--spacing--20);font-style:normal;font-weight:500\">H\u00e4ufig gestellte Fragen<\/h2>\n\n\n\n<hr class=\"wp-block-separator has-text-color has-base-color has-alpha-channel-opacity has-base-background-color has-background is-style-wide\"\/>\n\n\n\n<p class=\"has-text-align-left has-medium-font-size\" style=\"font-style:normal;font-weight:400\"><strong>Bareboat-Charter<\/strong><\/p>\n\n\n\n<hr class=\"wp-block-separator has-text-color has-base-color has-alpha-channel-opacity has-base-background-color has-background is-style-wide\"\/>\n\n\n\n<div class=\"wp-block-group has-global-padding is-layout-constrained wp-block-group-is-layout-constrained\">\n<div class=\"wp-block-group has-global-padding is-layout-constrained wp-block-group-is-layout-constrained\">\n<p class=\"has-base-font-size\" style=\"font-style:normal;font-weight:500\"><strong>Welche Lizenz ben\u00f6tige ich f\u00fcr eine Bareboat-Charter? <\/strong><\/p>\n\n\n\n<p class=\"has-base-font-size\" style=\"font-style:normal;font-weight:300\">Das Gesetz schreibt vor, dass Sie eine Lizenz besitzen m\u00fcssen, die f\u00fcr das Boot und das Gew\u00e4sser, in dem Sie fahren, geeignet ist. Daher m\u00fcssen Sie einen g\u00fcltigen F\u00fchrerschein f\u00fcr Motorboote in K\u00fcsten- oder Offshore-Gew\u00e4ssern vorlegen k\u00f6nnen. F\u00fcr Bewohner von L\u00e4ndern au\u00dferhalb der Europ\u00e4ischen Union ist ein Internationales Kompetenzzertifikat (International Certificate of Competence) erforderlich. Bei Fragen k\u00f6nnen Sie sich gerne an uns wenden.<\/p>\n\n\n\n<p class=\"has-base-font-size\" style=\"font-style:normal;font-weight:500\"><strong>Welche Versicherung gibt es bei einer Bareboat-Charter?<\/strong><\/p>\n\n\n\n<p class=\"has-base-font-size\" style=\"font-style:normal;font-weight:300\">Sie sind genauso versichert, wie wenn Sie Ihr eigenes Boot fahren w\u00fcrden. Sie haften f\u00fcr alle Selbstbeteiligungen bei Versicherungen, wenn Sie das Boot besch\u00e4digen oder wenn es \u00fcberhaupt einen Anspruch auf eine Versicherung gibt. Dieser betr\u00e4gt in der Regel 1000 \u20ac.<\/p>\n\n\n\n<p class=\"has-base-font-size\" style=\"font-style:normal;font-weight:500\"><strong>Bin ich f\u00fcr irgendetwas anderes verantwortlich?<\/strong><\/p>\n\n\n\n<p class=\"has-base-font-size\" style=\"font-style:normal;font-weight:300\">Ja &#8211; wenn Sie jemanden verletzen oder etwas besch\u00e4digen, das auf eine Entscheidung oder Handlung als Skipper zur\u00fcckzuf\u00fchren ist, sind Sie wahrscheinlich haftbar.<\/p>\n\n\n\n<p class=\"has-base-font-size\" style=\"font-style:normal;font-weight:500\"><strong>Ben\u00f6tigen Sie eine Kaution?<\/strong><\/p>\n\n\n\n<p class=\"has-base-font-size\" style=\"font-style:normal;font-weight:300\">Sie m\u00fcssen am Tag der Anmietung eine Kreditkarte mitbringen. Wir werden eine Kaution (bis zu 1000 \u20ac) auf Ihrer Karte hinterlegen, die am Ende Ihrer Buchung freigegeben wird, sofern keine Sch\u00e4den am Boot oder andere Dinge, f\u00fcr die Sie haften, entstanden sind.<\/p>\n\n\n\n<p class=\"has-base-font-size\" style=\"font-style:normal;font-weight:500\"><strong>Brauche ich eine VHF-Operator-Lizenz?<\/strong><\/p>\n\n\n\n<p class=\"has-base-font-size\" style=\"font-style:normal;font-weight:300\">Nein &#8211; unsere Selbstfahrende Boote sind als Klasse 5 &#8211; gesch\u00fctzte Gew\u00e4sser &#8211; registriert. Das bedeutet, dass sie kein VHF an Bord mitf\u00fchren m\u00fcssen und nur bis zu 3 NM von der K\u00fcste entfernt fahren d\u00fcrfen.<\/p>\n<\/div>\n<\/div>\n\n\n\n<hr class=\"wp-block-separator has-text-color has-base-color has-alpha-channel-opacity has-base-background-color has-background is-style-wide\"\/>\n\n\n\n<p class=\"has-text-align-left has-medium-font-size\" style=\"font-style:normal;font-weight:400\"><strong>Allgemeines zur Bootsmiete \/ Charter<\/strong><\/p>\n\n\n\n<hr class=\"wp-block-separator has-text-color has-base-color has-alpha-channel-opacity has-base-background-color has-background is-style-wide\"\/>\n\n\n\n<div class=\"wp-block-group has-global-padding is-layout-constrained wp-block-group-is-layout-constrained\">\n<div class=\"wp-block-group has-global-padding is-layout-constrained wp-block-group-is-layout-constrained\">\n<p class=\"has-base-font-size\" style=\"font-style:normal;font-weight:500\"><strong>Wie kalkulieren Sie den Treibstoff f\u00fcr einen Charter?<\/strong><\/p>\n\n\n\n<p class=\"has-base-font-size\" style=\"font-style:normal;font-weight:300\">Das Boot wird vollgetankt geliefert und Sie werden am Tankponton in Lagos erwartet, wo Sie das Boot wieder auftanken m\u00fcssen.  <\/p>\n\n\n\n<p class=\"has-base-font-size\" style=\"font-style:normal;font-weight:500\"><strong>Bin ich f\u00fcr Sch\u00e4den am Boot haftbar?<\/strong><\/p>\n\n\n\n<p class=\"has-base-font-size\" style=\"font-style:normal;font-weight:300\">Sie haften f\u00fcr Sch\u00e4den, die Sie direkt am Boot verursachen, wenn Sie r\u00fccksichtslos sind oder einem Befehl des Skippers zuwiderhandeln. Bei einem Charter mit Skipper ist der Skipper f\u00fcr die Sicherheit des Bootes verantwortlich, und Sie sind nur f\u00fcr Ihr eigenes Handeln verantwortlich.<\/p>\n\n\n\n<p class=\"has-base-font-size\" style=\"font-style:normal;font-weight:500\"><strong>Was passiert, wenn ich mich beim Wasseraktivit\u00e4t verletze?<\/strong><\/p>\n\n\n\n<p class=\"has-base-font-size\" style=\"font-style:normal;font-weight:300\">Sie sind f\u00fcr alle Verletzungen verantwortlich, die Sie sich selbst oder andere Personen bei der Aus\u00fcbung des Wassersports zuziehen. Die crew gibt nur Hinweise und sind nicht f\u00fcr Verletzungen verantwortlich, die sich aus diesen Hinweisen ergeben. Alles, was Sie tun, geschieht auf Ihr eigenes Risiko.<\/p>\n\n\n\n<p class=\"has-base-font-size\" style=\"font-style:normal;font-weight:500\"><strong>Woher wei\u00df ich, dass die Boote sicher sind?<\/strong><\/p>\n\n\n\n<p class=\"has-base-font-size\" style=\"font-style:normal;font-weight:300\">Als lizenzierter kommerzieller Betreiber sind wir verpflichtet, die Boote regelm\u00e4\u00dfig von den portugiesischen Beh\u00f6rden \u00fcberpr\u00fcfen zu lassen.<\/p>\n\n\n\n<p class=\"has-base-font-size\" style=\"font-style:normal;font-weight:500\"><strong>Was \u00fcberpr\u00fcfen die Inspektoren?<\/strong><\/p>\n\n\n\n<p class=\"has-base-font-size\" style=\"font-style:normal;font-weight:300\">Die Inspektoren pr\u00fcfen die mechanische Funktionsf\u00e4higkeit des Bootes und \u00fcberpr\u00fcfen die gesamte Sicherheitsausr\u00fcstung an Bord.<\/p>\n\n\n\n<p class=\"has-base-font-size\" style=\"font-style:normal;font-weight:500\"><strong>Gibt es Schwimmwesten und andere Sicherheitsausr\u00fcstung an Bord?<\/strong><\/p>\n\n\n\n<p class=\"has-base-font-size\" style=\"font-style:normal;font-weight:300\">Ja &#8211; alle unsere Boote sind gem\u00e4\u00df den Anforderungen der Klasse 4 oder 5 in Portugal ausgestattet. Sie haben die korrekte Anzahl und Spezifikation von Schwimmwesten an Bord, Leuchtraketen und Rettungsinseln\/Rettungswesten, einen Erste-Hilfe-Kasten und sonstige Ausr\u00fcstung, die den gesetzlichen Anforderungen entspricht oder dar\u00fcber hinausgeht.<\/p>\n\n\n\n<p class=\"has-base-font-size\" style=\"font-style:normal;font-weight:500\"><strong>Und wie sieht es mit Versicherungen und anderen Papieren\/Lizenzen aus &#8211; kann ich das \u00fcberpr\u00fcfen?<\/strong><\/p>\n\n\n\n<p class=\"has-base-font-size\" style=\"font-style:normal;font-weight:300\">Wir sind au\u00dferdem verpflichtet, den Beh\u00f6rden Angaben zu all unseren Versicherungen zu machen und nachzuweisen, dass sie auf dem neuesten Stand sind. Sie k\u00f6nnen jederzeit Einsicht in die Zulassung, die Versicherung und den Gewerbeschein verlangen.<\/p>\n\n\n\n<p class=\"has-base-font-size\" style=\"font-style:normal;font-weight:500\"><strong>Wie lautet Ihre Stornierungsrichtlinie?<\/strong><\/p>\n\n\n\n<p class=\"has-base-font-size\" style=\"font-style:normal;font-weight:300\">F\u00fcr eine Reservierung verlangen wir eine Anzahlung von 20% des Gesamtmietpreises. Sie k\u00f6nnen Ihre Reservierung bis sp\u00e4testens 48 Stunden vor dem gebuchten Termin kostenlos stornieren und erhalten die geleistete Anzahlung vollst\u00e4ndig zur\u00fcck.<\/p>\n\n\n\n<p class=\"has-base-font-size\" style=\"font-style:normal;font-weight:300;text-decoration:underline\">Wenn Sie zu Ihrer Reservierung nicht erscheinen oder gegen die festgelegten Bedingungen der Charter und Vermietungen versto\u00dfen, z. B. eine Bareboat-Charter reservieren und keinen g\u00fcltigen Bootsf\u00fchrerschein vorlegen oder mit mehr Personen als der zul\u00e4ssigen Kapazit\u00e4t des Boots erscheinen, besteht kein Anspruch auf R\u00fcckerstattung.<\/p>\n\n\n\n<p class=\"has-base-font-size\" style=\"font-style:normal;font-weight:500\"><strong>Wie lautet Ihre Regelung bei schlechtem Wetter?<\/strong><\/p>\n\n\n\n<p class=\"has-base-font-size\" style=\"font-style:normal;font-weight:300\">Wir behalten uns das Recht vor, jede Bootsreservierung \u2013 auch kurzfristig \u2013 aus Sicherheitsgr\u00fcnden zu stornieren. In diesem Fall erhalten Sie eine vollst\u00e4ndige R\u00fcckerstattung der geleisteten Anzahlung. Sollte am reservierten Datum schlechtes Wetter herrschen, versuchen wir im Vorfeld mit Ihnen Kontakt aufzunehmen, um eine m\u00f6gliche Umbuchung zu besprechen. Falls dies nicht m\u00f6glich ist, haben Sie Anspruch auf eine vollst\u00e4ndige R\u00fcckerstattung der geleisteten Anzahlung.<\/p>\n\n\n\n<p class=\"has-base-font-size\" style=\"font-style:normal;font-weight:500\"><strong>Wie funktioniert das Catering?<\/strong><\/p>\n\n\n\n<p class=\"has-base-font-size\" style=\"font-style:normal;font-weight:300\">Das Catering wird extern von einem unabh\u00e4ngigen, professionellen Cateringunternehmen bereitgestellt. Alle Catering-Bestellungen m\u00fcssen sp\u00e4testens 48 Stunden vor Ihrer Reservierung best\u00e4tigt und vollst\u00e4ndig bezahlt werden. Ab diesem Zeitpunkt kann Ihre Bestellung nicht mehr storniert, verschoben oder erstattet werden &#8211; auch nicht im Falle einer Stornierung unsererseits aufgrund von schlechtem Wetter oder Sicherheitsgr\u00fcnden &#8211; da die Speisen frisch und speziell f\u00fcr Ihre Bestellung zubereitet werden und nicht anderweitig verwendet werden k\u00f6nnen. Sie haben jedoch die M\u00f6glichkeit, Ihre Catering-Bestellung abzuholen und mitzunehmen.<\/p>\n\n\n\n<p class=\"has-base-font-size\" style=\"font-style:normal;font-weight:500\"><strong>Wie lautet Ihre Registrierungsnummer?<\/strong><\/p>\n\n\n\n<p class=\"has-base-font-size\" style=\"font-style:normal;font-weight:300\">Unsere Registrierungsnummer bei Turismo de Portugal als maritimer Reiseveranstalter lautet 109\/2021 (Mare Somnia Unip. Lda).<\/p>\n<\/div>\n<\/div>\n\n\n\n<hr class=\"wp-block-separator has-text-color has-base-color has-alpha-channel-opacity has-base-background-color has-background is-style-wide\"\/>\n\n\n\n<p class=\"has-text-align-left has-base-font-size\" style=\"font-style:normal;font-weight:300\">Haben Sie noch Fragen? <a href=\"https:\/\/www.algarveboatrental.com\/de\/contact\/\">Kontaktieren Sie uns<\/a>, wir helfen Ihnen gerne weiter!<\/p>\n<\/div>\n<\/div>\n","protected":false},"excerpt":{"rendered":"<p>H\u00e4ufig gestellte Fragen Bareboat-Charter Welche Lizenz ben\u00f6tige ich f\u00fcr eine Bareboat-Charter? Das Gesetz schreibt vor, dass Sie eine Lizenz besitzen m\u00fcssen, die f\u00fcr das Boot und das Gew\u00e4sser, in dem Sie fahren, geeignet ist. Daher m\u00fcssen Sie einen g\u00fcltigen F\u00fchrerschein f\u00fcr Motorboote in K\u00fcsten- oder Offshore-Gew\u00e4ssern vorlegen k\u00f6nnen. F\u00fcr Bewohner von L\u00e4ndern au\u00dferhalb der Europ\u00e4ischen [&hellip;]<\/p>\n","protected":false},"author":1,"featured_media":3874,"parent":0,"menu_order":0,"comment_status":"closed","ping_status":"closed","template":"","meta":{"_acf_changed":false,"footnotes":""},"class_list":["post-1873","page","type-page","status-publish","has-post-thumbnail","hentry"],"acf":[],"yoast_head":"<!-- This site is optimized with the Yoast SEO Premium plugin v27.0 (Yoast SEO v27.0) - https:\/\/yoast.com\/product\/yoast-seo-premium-wordpress\/ -->\r\n<title>FAQs - Algarve Boat Rentals<\/title>\r\n<meta name=\"robots\" content=\"index, follow, max-snippet:-1, max-image-preview:large, max-video-preview:-1\" \/>\r\n<link rel=\"canonical\" href=\"https:\/\/www.algarveboatrental.com\/de\/faqs\/\" \/>\r\n<meta property=\"og:locale\" content=\"de_DE\" \/>\r\n<meta property=\"og:type\" content=\"article\" \/>\r\n<meta property=\"og:title\" content=\"FAQs\" \/>\r\n<meta property=\"og:description\" content=\"H\u00e4ufig gestellte Fragen Bareboat-Charter Welche Lizenz ben\u00f6tige ich f\u00fcr eine Bareboat-Charter? Das Gesetz schreibt vor, dass Sie eine Lizenz besitzen m\u00fcssen, die f\u00fcr das Boot und das Gew\u00e4sser, in dem Sie fahren, geeignet ist. Daher m\u00fcssen Sie einen g\u00fcltigen F\u00fchrerschein f\u00fcr Motorboote in K\u00fcsten- oder Offshore-Gew\u00e4ssern vorlegen k\u00f6nnen. F\u00fcr Bewohner von L\u00e4ndern au\u00dferhalb der Europ\u00e4ischen [&hellip;]\" \/>\r\n<meta property=\"og:url\" content=\"https:\/\/www.algarveboatrental.com\/de\/faqs\/\" \/>\r\n<meta property=\"og:site_name\" content=\"Algarve Boat Rentals\" \/>\r\n<meta property=\"article:modified_time\" content=\"2025-07-23T11:19:35+00:00\" \/>\r\n<meta property=\"og:image\" content=\"https:\/\/www.algarveboatrental.com\/wp-content\/uploads\/2024\/06\/vlada-moscaliova-UwpPxwRWEiU-unsplash.jpg\" \/>\r\n\t<meta property=\"og:image:width\" content=\"1920\" \/>\r\n\t<meta property=\"og:image:height\" content=\"2400\" \/>\r\n\t<meta property=\"og:image:type\" content=\"image\/jpeg\" \/>\r\n<meta name=\"twitter:card\" content=\"summary_large_image\" \/>\r\n<meta name=\"twitter:label1\" content=\"Est. reading time\" \/>\n\t<meta name=\"twitter:data1\" content=\"4 minutes\" \/>\r\n<script type=\"application\/ld+json\" class=\"yoast-schema-graph\">{\"@context\":\"https:\/\/schema.org\",\"@graph\":[{\"@type\":\"WebPage\",\"@id\":\"https:\/\/www.algarveboatrental.com\/de\/faqs\/\",\"url\":\"https:\/\/www.algarveboatrental.com\/de\/faqs\/\",\"name\":\"FAQs - Algarve Boat Rentals\",\"isPartOf\":{\"@id\":\"https:\/\/www.algarveboatrental.com\/de\/#website\"},\"primaryImageOfPage\":{\"@id\":\"https:\/\/www.algarveboatrental.com\/de\/faqs\/#primaryimage\"},\"image\":{\"@id\":\"https:\/\/www.algarveboatrental.com\/de\/faqs\/#primaryimage\"},\"thumbnailUrl\":\"https:\/\/www.algarveboatrental.com\/wp-content\/uploads\/2024\/06\/vlada-moscaliova-UwpPxwRWEiU-unsplash.jpg\",\"datePublished\":\"2024-05-27T08:22:49+00:00\",\"dateModified\":\"2025-07-23T11:19:35+00:00\",\"breadcrumb\":{\"@id\":\"https:\/\/www.algarveboatrental.com\/de\/faqs\/#breadcrumb\"},\"inLanguage\":\"de-DE\",\"potentialAction\":[{\"@type\":\"ReadAction\",\"target\":[\"https:\/\/www.algarveboatrental.com\/de\/faqs\/\"]}]},{\"@type\":\"ImageObject\",\"inLanguage\":\"de-DE\",\"@id\":\"https:\/\/www.algarveboatrental.com\/de\/faqs\/#primaryimage\",\"url\":\"https:\/\/www.algarveboatrental.com\/wp-content\/uploads\/2024\/06\/vlada-moscaliova-UwpPxwRWEiU-unsplash.jpg\",\"contentUrl\":\"https:\/\/www.algarveboatrental.com\/wp-content\/uploads\/2024\/06\/vlada-moscaliova-UwpPxwRWEiU-unsplash.jpg\",\"width\":1920,\"height\":2400},{\"@type\":\"BreadcrumbList\",\"@id\":\"https:\/\/www.algarveboatrental.com\/de\/faqs\/#breadcrumb\",\"itemListElement\":[{\"@type\":\"ListItem\",\"position\":1,\"name\":\"Home\",\"item\":\"https:\/\/www.algarveboatrental.com\/de\/\"},{\"@type\":\"ListItem\",\"position\":2,\"name\":\"FAQs\"}]},{\"@type\":\"WebSite\",\"@id\":\"https:\/\/www.algarveboatrental.com\/de\/#website\",\"url\":\"https:\/\/www.algarveboatrental.com\/de\/\",\"name\":\"Algarve Boat Rental\",\"description\":\"Spezialisten f\u00fcr Bootsvermietung mit oder ohne Skipper sowie f\u00fcr Segel und Motoryacht Charter in Lagos, Portugal\",\"publisher\":{\"@id\":\"https:\/\/www.algarveboatrental.com\/de\/#organization\"},\"potentialAction\":[{\"@type\":\"SearchAction\",\"target\":{\"@type\":\"EntryPoint\",\"urlTemplate\":\"https:\/\/www.algarveboatrental.com\/de\/?s={search_term_string}\"},\"query-input\":{\"@type\":\"PropertyValueSpecification\",\"valueRequired\":true,\"valueName\":\"search_term_string\"}}],\"inLanguage\":\"de-DE\"},{\"@type\":\"Organization\",\"@id\":\"https:\/\/www.algarveboatrental.com\/de\/#organization\",\"name\":\"Algarve Boat Rental\",\"url\":\"https:\/\/www.algarveboatrental.com\/de\/\",\"logo\":{\"@type\":\"ImageObject\",\"inLanguage\":\"de-DE\",\"@id\":\"https:\/\/www.algarveboatrental.com\/de\/#\/schema\/logo\/image\/\",\"url\":\"https:\/\/www.algarveboatrental.com\/wp-content\/uploads\/2024\/05\/abr-colour-logo.svg\",\"contentUrl\":\"https:\/\/www.algarveboatrental.com\/wp-content\/uploads\/2024\/05\/abr-colour-logo.svg\",\"width\":192,\"height\":39,\"caption\":\"Algarve Boat Rental\"},\"image\":{\"@id\":\"https:\/\/www.algarveboatrental.com\/de\/#\/schema\/logo\/image\/\"}}]}<\/script>\r\n<!-- \/ Yoast SEO Premium plugin. -->","yoast_head_json":{"title":"FAQs - Algarve Boat Rentals","robots":{"index":"index","follow":"follow","max-snippet":"max-snippet:-1","max-image-preview":"max-image-preview:large","max-video-preview":"max-video-preview:-1"},"canonical":"https:\/\/www.algarveboatrental.com\/de\/faqs\/","og_locale":"de_DE","og_type":"article","og_title":"FAQs","og_description":"H\u00e4ufig gestellte Fragen Bareboat-Charter Welche Lizenz ben\u00f6tige ich f\u00fcr eine Bareboat-Charter? Das Gesetz schreibt vor, dass Sie eine Lizenz besitzen m\u00fcssen, die f\u00fcr das Boot und das Gew\u00e4sser, in dem Sie fahren, geeignet ist. Daher m\u00fcssen Sie einen g\u00fcltigen F\u00fchrerschein f\u00fcr Motorboote in K\u00fcsten- oder Offshore-Gew\u00e4ssern vorlegen k\u00f6nnen. F\u00fcr Bewohner von L\u00e4ndern au\u00dferhalb der Europ\u00e4ischen [&hellip;]","og_url":"https:\/\/www.algarveboatrental.com\/de\/faqs\/","og_site_name":"Algarve Boat Rentals","article_modified_time":"2025-07-23T11:19:35+00:00","og_image":[{"width":1920,"height":2400,"url":"https:\/\/www.algarveboatrental.com\/wp-content\/uploads\/2024\/06\/vlada-moscaliova-UwpPxwRWEiU-unsplash.jpg","type":"image\/jpeg"}],"twitter_card":"summary_large_image","twitter_misc":{"Est. reading time":"4 minutes"},"schema":{"@context":"https:\/\/schema.org","@graph":[{"@type":"WebPage","@id":"https:\/\/www.algarveboatrental.com\/de\/faqs\/","url":"https:\/\/www.algarveboatrental.com\/de\/faqs\/","name":"FAQs - Algarve Boat Rentals","isPartOf":{"@id":"https:\/\/www.algarveboatrental.com\/de\/#website"},"primaryImageOfPage":{"@id":"https:\/\/www.algarveboatrental.com\/de\/faqs\/#primaryimage"},"image":{"@id":"https:\/\/www.algarveboatrental.com\/de\/faqs\/#primaryimage"},"thumbnailUrl":"https:\/\/www.algarveboatrental.com\/wp-content\/uploads\/2024\/06\/vlada-moscaliova-UwpPxwRWEiU-unsplash.jpg","datePublished":"2024-05-27T08:22:49+00:00","dateModified":"2025-07-23T11:19:35+00:00","breadcrumb":{"@id":"https:\/\/www.algarveboatrental.com\/de\/faqs\/#breadcrumb"},"inLanguage":"de-DE","potentialAction":[{"@type":"ReadAction","target":["https:\/\/www.algarveboatrental.com\/de\/faqs\/"]}]},{"@type":"ImageObject","inLanguage":"de-DE","@id":"https:\/\/www.algarveboatrental.com\/de\/faqs\/#primaryimage","url":"https:\/\/www.algarveboatrental.com\/wp-content\/uploads\/2024\/06\/vlada-moscaliova-UwpPxwRWEiU-unsplash.jpg","contentUrl":"https:\/\/www.algarveboatrental.com\/wp-content\/uploads\/2024\/06\/vlada-moscaliova-UwpPxwRWEiU-unsplash.jpg","width":1920,"height":2400},{"@type":"BreadcrumbList","@id":"https:\/\/www.algarveboatrental.com\/de\/faqs\/#breadcrumb","itemListElement":[{"@type":"ListItem","position":1,"name":"Home","item":"https:\/\/www.algarveboatrental.com\/de\/"},{"@type":"ListItem","position":2,"name":"FAQs"}]},{"@type":"WebSite","@id":"https:\/\/www.algarveboatrental.com\/de\/#website","url":"https:\/\/www.algarveboatrental.com\/de\/","name":"Algarve Boat Rental","description":"Spezialisten f\u00fcr Bootsvermietung mit oder ohne Skipper sowie f\u00fcr Segel und Motoryacht Charter in Lagos, Portugal","publisher":{"@id":"https:\/\/www.algarveboatrental.com\/de\/#organization"},"potentialAction":[{"@type":"SearchAction","target":{"@type":"EntryPoint","urlTemplate":"https:\/\/www.algarveboatrental.com\/de\/?s={search_term_string}"},"query-input":{"@type":"PropertyValueSpecification","valueRequired":true,"valueName":"search_term_string"}}],"inLanguage":"de-DE"},{"@type":"Organization","@id":"https:\/\/www.algarveboatrental.com\/de\/#organization","name":"Algarve Boat Rental","url":"https:\/\/www.algarveboatrental.com\/de\/","logo":{"@type":"ImageObject","inLanguage":"de-DE","@id":"https:\/\/www.algarveboatrental.com\/de\/#\/schema\/logo\/image\/","url":"https:\/\/www.algarveboatrental.com\/wp-content\/uploads\/2024\/05\/abr-colour-logo.svg","contentUrl":"https:\/\/www.algarveboatrental.com\/wp-content\/uploads\/2024\/05\/abr-colour-logo.svg","width":192,"height":39,"caption":"Algarve Boat Rental"},"image":{"@id":"https:\/\/www.algarveboatrental.com\/de\/#\/schema\/logo\/image\/"}}]}},"_links":{"self":[{"href":"https:\/\/www.algarveboatrental.com\/de\/wp-json\/wp\/v2\/pages\/1873","targetHints":{"allow":["GET"]}}],"collection":[{"href":"https:\/\/www.algarveboatrental.com\/de\/wp-json\/wp\/v2\/pages"}],"about":[{"href":"https:\/\/www.algarveboatrental.com\/de\/wp-json\/wp\/v2\/types\/page"}],"author":[{"embeddable":true,"href":"https:\/\/www.algarveboatrental.com\/de\/wp-json\/wp\/v2\/users\/1"}],"replies":[{"embeddable":true,"href":"https:\/\/www.algarveboatrental.com\/de\/wp-json\/wp\/v2\/comments?post=1873"}],"version-history":[{"count":42,"href":"https:\/\/www.algarveboatrental.com\/de\/wp-json\/wp\/v2\/pages\/1873\/revisions"}],"predecessor-version":[{"id":8731,"href":"https:\/\/www.algarveboatrental.com\/de\/wp-json\/wp\/v2\/pages\/1873\/revisions\/8731"}],"wp:featuredmedia":[{"embeddable":true,"href":"https:\/\/www.algarveboatrental.com\/de\/wp-json\/wp\/v2\/media\/3874"}],"wp:attachment":[{"href":"https:\/\/www.algarveboatrental.com\/de\/wp-json\/wp\/v2\/media?parent=1873"}],"curies":[{"name":"wp","href":"https:\/\/api.w.org\/{rel}","templated":true}]}}