{"id":1872,"date":"2024-05-27T08:22:49","date_gmt":"2024-05-27T08:22:49","guid":{"rendered":"https:\/\/sandbox_wp.algarveboatrental.com\/faqs\/"},"modified":"2025-07-22T15:08:14","modified_gmt":"2025-07-22T15:08:14","slug":"faqs","status":"publish","type":"page","link":"https:\/\/www.algarveboatrental.com\/fr\/faqs\/","title":{"rendered":"FAQ"},"content":{"rendered":"\n<div class=\"wp-block-columns alignwide is-layout-flex wp-container-core-columns-is-layout-eacb975e wp-block-columns-is-layout-flex\" style=\"margin-top:var(--wp--preset--spacing--50);margin-bottom:var(--wp--preset--spacing--50)\">\n<div class=\"wp-block-column is-vertically-aligned-stretch is-layout-flow wp-block-column-is-layout-flow\">\n<h2 class=\"wp-block-heading\" id=\"h-frequently-asked-questions\" style=\"margin-bottom:var(--wp--preset--spacing--20);font-style:normal;font-weight:500\">Questions Fr\u00e9quemment Pos\u00e9es<\/h2>\n\n\n\n<hr class=\"wp-block-separator has-text-color has-base-color has-alpha-channel-opacity has-base-background-color has-background is-style-wide\"\/>\n\n\n\n<p class=\"has-text-align-left has-medium-font-size\" style=\"font-style:normal;font-weight:400\"><strong>Locations Sans \u00c9quipage<\/strong><\/p>\n\n\n\n<hr class=\"wp-block-separator has-text-color has-base-color has-alpha-channel-opacity has-base-background-color has-background is-style-wide\"\/>\n\n\n\n<div class=\"wp-block-group has-global-padding is-layout-constrained wp-block-group-is-layout-constrained\">\n<div class=\"wp-block-group has-global-padding is-layout-constrained wp-block-group-is-layout-constrained\">\n<p class=\"has-base-font-size\" style=\"font-style:normal;font-weight:500\"><strong>Quelle licence est requise pour une location sans \u00e9quipage? <\/strong><\/p>\n\n\n\n<p class=\"has-base-font-size\" style=\"font-style:normal;font-weight:300\">La loi stipule que vous devez poss\u00e9der un permis adapt\u00e9 au type de bateau que vous utilisez et au milieu dans lequel vous naviguez. Vous devez donc \u00eatre en mesure de pr\u00e9senter un permis bateau \u00e0 moteur valide pour navigation c\u00f4ti\u00e8re\/hauturi\u00e8re. Pour les r\u00e9sidents de pays hors de l\u2019Union Europ\u00e9enne, un Certificat International de Comp\u00e9tence (ICC) est requis. N&#8217;h\u00e9sitez pas \u00e0 nous contacter si vous avez des doutes.<\/p>\n\n\n\n<p class=\"has-base-font-size\" style=\"font-style:normal;font-weight:500\"><strong>Quelle assurance est incluse dans une location sans \u00e9quipage?<\/strong><\/p>\n\n\n\n<p class=\"has-base-font-size\" style=\"font-style:normal;font-weight:300\">Vous \u00eates assur\u00e9 de la m\u00eame mani\u00e8re que si vous conduisiez votre propre bateau. Vous \u00eates responsable de toutes les franchises d&#8217;assurance si vous endommagez le bateau ou si une police d&#8217;assurance fait l&#8217;objet d&#8217;une r\u00e9clamation. Ce montant est g\u00e9n\u00e9ralement de 1000 \u20ac.<\/p>\n\n\n\n<p class=\"has-base-font-size\" style=\"font-style:normal;font-weight:500\"><strong>Suis-je responsable de quoi que ce soit d&#8217;autre?<\/strong><\/p>\n\n\n\n<p class=\"has-base-font-size\" style=\"font-style:normal;font-weight:300\">Oui &#8211; si vous blessez quelqu&#8217;un ou endommagez quelque chose \u00e0 la suite d&#8217;une d\u00e9cision ou d&#8217;une action en tant que skipper, vous serez probablement responsable. Si vous enfreignez les r\u00e8gles du contrat de location ou ne respectez pas la l\u00e9gislation maritime portugaise en vigueur, vous serez tenu responsable de toute amende \u00e9ventuelle.<\/p>\n\n\n\n<p class=\"has-base-font-size\" style=\"font-style:normal;font-weight:500\"><strong>Exigez-vous une caution de securit\u00e9?<\/strong><\/p>\n\n\n\n<p class=\"has-base-font-size\" style=\"font-style:normal;font-weight:300\">Vous devrez vous munir d&#8217;une carte de cr\u00e9dit le jour de la location. Nous retiendrons sur votre carte une caution (jusqu&#8217;\u00e0 1000 \u20ac) qui sera lib\u00e9r\u00e9e \u00e0 la fin de votre r\u00e9servation, \u00e0 condition qu&#8217;il n&#8217;y ait pas de dommages au bateau ou d&#8217;autres choses dont vous \u00eates responsable.<\/p>\n\n\n\n<p class=\"has-base-font-size\" style=\"font-style:normal;font-weight:500\"><strong>Ai-je besoin d&#8217;une licence d&#8217;op\u00e9rateur VHF?<\/strong><\/p>\n\n\n\n<p class=\"has-base-font-size\" style=\"font-style:normal;font-weight:300\">Non &#8211; nos bateaux sans \u00e9quipage sont enregistr\u00e9s en tant que classe 5 &#8211; eaux abrit\u00e9es, ce qui signifie qu&#8217;ils ne sont pas autoris\u00e9s \u00e0 transporter une VHF \u00e0 bord et qu&#8217;ils ne peuvent naviguer qu&#8217;\u00e0 une distance de 3 milles nautiques du rivage.<\/p>\n<\/div>\n<\/div>\n\n\n\n<hr class=\"wp-block-separator has-text-color has-base-color has-alpha-channel-opacity has-base-background-color has-background is-style-wide\"\/>\n\n\n\n<p class=\"has-text-align-left has-medium-font-size\" style=\"font-style:normal;font-weight:400\"><strong>Charter \/Location en General<\/strong><\/p>\n\n\n\n<hr class=\"wp-block-separator has-text-color has-base-color has-alpha-channel-opacity has-base-background-color has-background is-style-wide\"\/>\n\n\n\n<div class=\"wp-block-group has-global-padding is-layout-constrained wp-block-group-is-layout-constrained\">\n<div class=\"wp-block-group has-global-padding is-layout-constrained wp-block-group-is-layout-constrained\">\n<p class=\"has-base-font-size\" style=\"font-style:normal;font-weight:500\"><strong>Comment calculez-vous le carburant pour une location?<\/strong><\/p>\n\n\n\n<p class=\"has-base-font-size\" style=\"font-style:normal;font-weight:300\">Le bateau sera ravitaill\u00e9 et vous serez accueillis au ponton de ravitaillement en carburant \u00e0 Lagos o\u00f9 vous devrez refaire le plein.  <\/p>\n\n\n\n<p class=\"has-base-font-size\" style=\"font-style:normal;font-weight:500\"><strong>Suis-je responsable des dommages caus\u00e9s au bateau?<\/strong><\/p>\n\n\n\n<p class=\"has-base-font-size\" style=\"font-style:normal;font-weight:300\">Vous \u00eates responsable des dommages que vous causez directement au bateau si vous \u00eates imprudent ou si vous contrevenez \u00e0 un ordre du skipper. Dans le cadre d&#8217;un charter avec skipper, il incombe au skipper de veiller \u00e0 la s\u00e9curit\u00e9 du bateau, et vous n&#8217;\u00eates responsable que de vos propres actions.<\/p>\n\n\n\n<p class=\"has-base-font-size\" style=\"font-style:normal;font-weight:500\"><strong>Que se passe-t-il si je me blesse en pratiquant une activit\u00e9 nautique?<\/strong><\/p>\n\n\n\n<p class=\"has-base-font-size\" style=\"font-style:normal;font-weight:300\">Vous \u00eates responsable de toute blessure subie par vous-m\u00eame ou par une autre personne lors de la pratique d&#8217;un sport nautique. L&#8217;\u00e9quipage ne donne que des conseils et n&#8217;est pas responsable des blessures qui pourraient r\u00e9sulter de ces conseils. Tout ce que vous faites est \u00e0 vos risques et p\u00e9rils.<\/p>\n\n\n\n<p class=\"has-base-font-size\" style=\"font-style:normal;font-weight:500\"><strong>Comment puis-je savoir si les bateaux sont s\u00fbrs?<\/strong><\/p>\n\n\n\n<p class=\"has-base-font-size\" style=\"font-style:normal;font-weight:300\">En tant qu&#8217;op\u00e9rateur commercial agr\u00e9\u00e9, nous sommes tenus de soumettre les bateaux \u00e0 des inspections r\u00e9guli\u00e8res de la part des autorit\u00e9s portugaises.<\/p>\n\n\n\n<p class=\"has-base-font-size\" style=\"font-style:normal;font-weight:500\"><strong>Que v\u00e9rifient les inspecteurs?<\/strong><\/p>\n\n\n\n<p class=\"has-base-font-size\" style=\"font-style:normal;font-weight:300\">Les inspecteurs v\u00e9rifient l&#8217;\u00e9tat m\u00e9canique du bateau et passent en revue tous les \u00e9quipements de s\u00e9curit\u00e9 \u00e0 bord.<\/p>\n\n\n\n<p class=\"has-base-font-size\" style=\"font-style:normal;font-weight:500\"><strong>Y a-t-il des gilets de sauvetage et d&#8217;autres \u00e9quipements de s\u00e9curit\u00e9 \u00e0 bord?<\/strong><\/p>\n\n\n\n<p class=\"has-base-font-size\" style=\"font-style:normal;font-weight:300\">Oui &#8211; tous nos bateaux sont \u00e9quip\u00e9s pour r\u00e9pondre aux exigences de la classe 4 ou 5 au Portugal. Ils disposent du nombre et de la sp\u00e9cification corrects de gilets \u00e0 bord, de fus\u00e9es \u00e9clairantes et de radeaux de sauvetage, d&#8217;une trousse de premiers secours et d&#8217;autres \u00e9quipements divers qui satisfont ou d\u00e9passent les exigences l\u00e9gales.<\/p>\n\n\n\n<p class=\"has-base-font-size\" style=\"font-style:normal;font-weight:500\"><strong>Et qu\u2019en est-il de l\u2019assurance et des autres documents\/permis &#8211; puis-je les consulter?<\/strong><\/p>\n\n\n\n<p class=\"has-base-font-size\" style=\"font-style:normal;font-weight:300\">Nous sommes \u00e9galement tenus de fournir aux autorit\u00e9s les d\u00e9tails de toutes nos assurances et de prouver qu&#8217;elles sont \u00e0 jour. Vous pouvez \u00e0 tout moment demander \u00e0 voir l&#8217;immatriculation, l&#8217;assurance et le certificat d&#8217;op\u00e9rateur commercial.<\/p>\n\n\n\n<p class=\"has-base-font-size\" style=\"font-style:normal;font-weight:500\"><strong>Quelle est votre politique d\u2019annulation?<\/strong><\/p>\n\n\n\n<p class=\"has-base-font-size\" style=\"font-style:normal;font-weight:300\">Pour effectuer une r\u00e9servation, nous demandons un acompte de 20% du montant total de la location. Vous pouvez annuler votre r\u00e9servation jusqu\u2019\u00e0 48 heures avant la date pr\u00e9vue et recevoir un remboursement int\u00e9gral de l\u2019acompte vers\u00e9 pour garantir la r\u00e9servation.  <\/p>\n\n\n\n<p class=\"has-base-font-size\" style=\"font-style:normal;font-weight:300;text-decoration:underline\">Si vous ne vous pr\u00e9sentez pas \u00e0 la date de votre r\u00e9servation, ou en cas de non-respect des conditions \u00e9tablies pour les charters et locations &#8211; par exemple, r\u00e9server un bateau sans \u00e9quipage sans pr\u00e9senter un permis de navigation ad\u00e9quat, ou vous pr\u00e9senter avec plus de personnes que la capacit\u00e9 l\u00e9gale du bateau &#8211; aucun remboursement ne sera effectu\u00e9. <\/p>\n\n\n\n<p class=\"has-base-font-size\" style=\"font-style:normal;font-weight:500\"><strong>Quelle est votre politique en cas de mauvais temps?<\/strong><\/p>\n\n\n\n<p class=\"has-base-font-size\" style=\"font-style:normal;font-weight:300\">Nous nous r\u00e9servons le droit d\u2019annuler toute r\u00e9servation de bateau, m\u00eame \u00e0 la derni\u00e8re minute, pour des raisons de s\u00e9curit\u00e9. Dans ce cas, vous recevrez un remboursement int\u00e9gral de l\u2019acompte vers\u00e9 pour garantir la r\u00e9servation. S\u2019il y a du mauvais temps le jour de votre r\u00e9servation, nous essayons de vous contacter \u00e0 l\u2019avance pour voir s\u2019il est possible de reprogrammer. Si ce n\u2019est pas possible, vous avez droit \u00e0 un remboursement total de l\u2019acompte pay\u00e9. <\/p>\n\n\n\n<p class=\"has-base-font-size\" style=\"font-style:normal;font-weight:500\"><strong>Comment fonctionne le service de catering?<\/strong><\/p>\n\n\n\n<p class=\"has-base-font-size\" style=\"font-style:normal;font-weight:300\">Le service de catering est externalis\u00e9 et assur\u00e9 par une entreprise professionnelle ind\u00e9pendante. Toutes les demandes de catering doivent \u00eatre confirm\u00e9es et pay\u00e9es au moins 48 heures avant votre r\u00e9servation. \u00c0 partir de ce moment, votre commande ne peut plus \u00eatre annul\u00e9e, reprogramm\u00e9e ou rembours\u00e9e, m\u00eame en cas d\u2019annulation de notre part pour cause de mauvais temps ou de s\u00e9curit\u00e9, car les produits sont command\u00e9s et pr\u00e9par\u00e9s frais sp\u00e9cialement pour vous, et ne peuvent pas \u00eatre r\u00e9utilis\u00e9s.<br\/>Cependant, vous pouvez r\u00e9cup\u00e9rer votre commande de catering et l\u2019emporter avec vous pour en profiter ailleurs.   <\/p>\n\n\n\n<p class=\"has-base-font-size\" style=\"font-style:normal;font-weight:500\"><strong>Quel est votre num\u00e9ro de licence?<\/strong><\/p>\n\n\n\n<p class=\"has-base-font-size\" style=\"font-style:normal;font-weight:300\">Notre num\u00e9ro d&#8217;enregistrement aupr\u00e8s de Turismo de Portugal en tant qu&#8217;op\u00e9rateur de tourisme maritime est le 109\/2021 (Mare Somnia Unip. Lda).<\/p>\n<\/div>\n<\/div>\n\n\n\n<hr class=\"wp-block-separator has-text-color has-base-color has-alpha-channel-opacity has-base-background-color has-background is-style-wide\"\/>\n\n\n\n<p class=\"has-text-align-left has-base-font-size\" style=\"font-style:normal;font-weight:300\">Vous avez encore des questions ? <a href=\"https:\/\/www.algarveboatrental.com\/fr\/contact\/\">Contactez-nous<\/a>, nous serons heureux de vous aider!<\/p>\n<\/div>\n<\/div>\n","protected":false},"excerpt":{"rendered":"<p>Questions Fr\u00e9quemment Pos\u00e9es Locations Sans \u00c9quipage Quelle licence est requise pour une location sans \u00e9quipage? La loi stipule que vous devez poss\u00e9der un permis adapt\u00e9 au type de bateau que vous utilisez et au milieu dans lequel vous naviguez. Vous devez donc \u00eatre en mesure de pr\u00e9senter un permis bateau \u00e0 moteur valide pour navigation [&hellip;]<\/p>\n","protected":false},"author":1,"featured_media":3873,"parent":0,"menu_order":0,"comment_status":"closed","ping_status":"closed","template":"","meta":{"_acf_changed":false,"footnotes":""},"class_list":["post-1872","page","type-page","status-publish","has-post-thumbnail","hentry"],"acf":[],"yoast_head":"<!-- This site is optimized with the Yoast SEO Premium plugin v27.0 (Yoast SEO v27.0) - https:\/\/yoast.com\/product\/yoast-seo-premium-wordpress\/ -->\r\n<title>FAQ - Algarve Boat Rentals<\/title>\r\n<meta name=\"robots\" content=\"index, follow, max-snippet:-1, max-image-preview:large, max-video-preview:-1\" \/>\r\n<link rel=\"canonical\" href=\"https:\/\/www.algarveboatrental.com\/fr\/faqs\/\" \/>\r\n<meta property=\"og:locale\" content=\"fr_FR\" \/>\r\n<meta property=\"og:type\" content=\"article\" \/>\r\n<meta property=\"og:title\" content=\"FAQ\" \/>\r\n<meta property=\"og:description\" content=\"Questions Fr\u00e9quemment Pos\u00e9es Locations Sans \u00c9quipage Quelle licence est requise pour une location sans \u00e9quipage? La loi stipule que vous devez poss\u00e9der un permis adapt\u00e9 au type de bateau que vous utilisez et au milieu dans lequel vous naviguez. Vous devez donc \u00eatre en mesure de pr\u00e9senter un permis bateau \u00e0 moteur valide pour navigation [&hellip;]\" \/>\r\n<meta property=\"og:url\" content=\"https:\/\/www.algarveboatrental.com\/fr\/faqs\/\" \/>\r\n<meta property=\"og:site_name\" content=\"Algarve Boat Rentals\" \/>\r\n<meta property=\"article:modified_time\" content=\"2025-07-22T15:08:14+00:00\" \/>\r\n<meta property=\"og:image\" content=\"https:\/\/www.algarveboatrental.com\/wp-content\/uploads\/2024\/06\/vlada-moscaliova-UwpPxwRWEiU-unsplash.jpg\" \/>\r\n\t<meta property=\"og:image:width\" content=\"1920\" \/>\r\n\t<meta property=\"og:image:height\" content=\"2400\" \/>\r\n\t<meta property=\"og:image:type\" content=\"image\/jpeg\" \/>\r\n<meta name=\"twitter:card\" content=\"summary_large_image\" \/>\r\n<meta name=\"twitter:label1\" content=\"Est. reading time\" \/>\n\t<meta name=\"twitter:data1\" content=\"4 minutes\" \/>\r\n<script type=\"application\/ld+json\" class=\"yoast-schema-graph\">{\"@context\":\"https:\/\/schema.org\",\"@graph\":[{\"@type\":\"WebPage\",\"@id\":\"https:\/\/www.algarveboatrental.com\/fr\/faqs\/\",\"url\":\"https:\/\/www.algarveboatrental.com\/fr\/faqs\/\",\"name\":\"FAQ - Algarve Boat Rentals\",\"isPartOf\":{\"@id\":\"https:\/\/www.algarveboatrental.com\/fr\/#website\"},\"primaryImageOfPage\":{\"@id\":\"https:\/\/www.algarveboatrental.com\/fr\/faqs\/#primaryimage\"},\"image\":{\"@id\":\"https:\/\/www.algarveboatrental.com\/fr\/faqs\/#primaryimage\"},\"thumbnailUrl\":\"https:\/\/www.algarveboatrental.com\/wp-content\/uploads\/2024\/06\/vlada-moscaliova-UwpPxwRWEiU-unsplash.jpg\",\"datePublished\":\"2024-05-27T08:22:49+00:00\",\"dateModified\":\"2025-07-22T15:08:14+00:00\",\"breadcrumb\":{\"@id\":\"https:\/\/www.algarveboatrental.com\/fr\/faqs\/#breadcrumb\"},\"inLanguage\":\"fr-FR\",\"potentialAction\":[{\"@type\":\"ReadAction\",\"target\":[\"https:\/\/www.algarveboatrental.com\/fr\/faqs\/\"]}]},{\"@type\":\"ImageObject\",\"inLanguage\":\"fr-FR\",\"@id\":\"https:\/\/www.algarveboatrental.com\/fr\/faqs\/#primaryimage\",\"url\":\"https:\/\/www.algarveboatrental.com\/wp-content\/uploads\/2024\/06\/vlada-moscaliova-UwpPxwRWEiU-unsplash.jpg\",\"contentUrl\":\"https:\/\/www.algarveboatrental.com\/wp-content\/uploads\/2024\/06\/vlada-moscaliova-UwpPxwRWEiU-unsplash.jpg\",\"width\":1920,\"height\":2400},{\"@type\":\"BreadcrumbList\",\"@id\":\"https:\/\/www.algarveboatrental.com\/fr\/faqs\/#breadcrumb\",\"itemListElement\":[{\"@type\":\"ListItem\",\"position\":1,\"name\":\"Home\",\"item\":\"https:\/\/www.algarveboatrental.com\/fr\/\"},{\"@type\":\"ListItem\",\"position\":2,\"name\":\"FAQ\"}]},{\"@type\":\"WebSite\",\"@id\":\"https:\/\/www.algarveboatrental.com\/fr\/#website\",\"url\":\"https:\/\/www.algarveboatrental.com\/fr\/\",\"name\":\"Algarve Boat Rental\",\"description\":\"Sp\u00e9cialistes de la location de bateaux avec ou sans skipper, et de la location de voiliers et yachts \u00e0 moteur \u00e0 Lagos, au Portugal\",\"publisher\":{\"@id\":\"https:\/\/www.algarveboatrental.com\/fr\/#organization\"},\"potentialAction\":[{\"@type\":\"SearchAction\",\"target\":{\"@type\":\"EntryPoint\",\"urlTemplate\":\"https:\/\/www.algarveboatrental.com\/fr\/?s={search_term_string}\"},\"query-input\":{\"@type\":\"PropertyValueSpecification\",\"valueRequired\":true,\"valueName\":\"search_term_string\"}}],\"inLanguage\":\"fr-FR\"},{\"@type\":\"Organization\",\"@id\":\"https:\/\/www.algarveboatrental.com\/fr\/#organization\",\"name\":\"Algarve Boat Rental\",\"url\":\"https:\/\/www.algarveboatrental.com\/fr\/\",\"logo\":{\"@type\":\"ImageObject\",\"inLanguage\":\"fr-FR\",\"@id\":\"https:\/\/www.algarveboatrental.com\/fr\/#\/schema\/logo\/image\/\",\"url\":\"https:\/\/www.algarveboatrental.com\/wp-content\/uploads\/2024\/05\/abr-colour-logo.svg\",\"contentUrl\":\"https:\/\/www.algarveboatrental.com\/wp-content\/uploads\/2024\/05\/abr-colour-logo.svg\",\"width\":192,\"height\":39,\"caption\":\"Algarve Boat Rental\"},\"image\":{\"@id\":\"https:\/\/www.algarveboatrental.com\/fr\/#\/schema\/logo\/image\/\"}}]}<\/script>\r\n<!-- \/ Yoast SEO Premium plugin. -->","yoast_head_json":{"title":"FAQ - Algarve Boat Rentals","robots":{"index":"index","follow":"follow","max-snippet":"max-snippet:-1","max-image-preview":"max-image-preview:large","max-video-preview":"max-video-preview:-1"},"canonical":"https:\/\/www.algarveboatrental.com\/fr\/faqs\/","og_locale":"fr_FR","og_type":"article","og_title":"FAQ","og_description":"Questions Fr\u00e9quemment Pos\u00e9es Locations Sans \u00c9quipage Quelle licence est requise pour une location sans \u00e9quipage? La loi stipule que vous devez poss\u00e9der un permis adapt\u00e9 au type de bateau que vous utilisez et au milieu dans lequel vous naviguez. Vous devez donc \u00eatre en mesure de pr\u00e9senter un permis bateau \u00e0 moteur valide pour navigation [&hellip;]","og_url":"https:\/\/www.algarveboatrental.com\/fr\/faqs\/","og_site_name":"Algarve Boat Rentals","article_modified_time":"2025-07-22T15:08:14+00:00","og_image":[{"width":1920,"height":2400,"url":"https:\/\/www.algarveboatrental.com\/wp-content\/uploads\/2024\/06\/vlada-moscaliova-UwpPxwRWEiU-unsplash.jpg","type":"image\/jpeg"}],"twitter_card":"summary_large_image","twitter_misc":{"Est. reading time":"4 minutes"},"schema":{"@context":"https:\/\/schema.org","@graph":[{"@type":"WebPage","@id":"https:\/\/www.algarveboatrental.com\/fr\/faqs\/","url":"https:\/\/www.algarveboatrental.com\/fr\/faqs\/","name":"FAQ - Algarve Boat Rentals","isPartOf":{"@id":"https:\/\/www.algarveboatrental.com\/fr\/#website"},"primaryImageOfPage":{"@id":"https:\/\/www.algarveboatrental.com\/fr\/faqs\/#primaryimage"},"image":{"@id":"https:\/\/www.algarveboatrental.com\/fr\/faqs\/#primaryimage"},"thumbnailUrl":"https:\/\/www.algarveboatrental.com\/wp-content\/uploads\/2024\/06\/vlada-moscaliova-UwpPxwRWEiU-unsplash.jpg","datePublished":"2024-05-27T08:22:49+00:00","dateModified":"2025-07-22T15:08:14+00:00","breadcrumb":{"@id":"https:\/\/www.algarveboatrental.com\/fr\/faqs\/#breadcrumb"},"inLanguage":"fr-FR","potentialAction":[{"@type":"ReadAction","target":["https:\/\/www.algarveboatrental.com\/fr\/faqs\/"]}]},{"@type":"ImageObject","inLanguage":"fr-FR","@id":"https:\/\/www.algarveboatrental.com\/fr\/faqs\/#primaryimage","url":"https:\/\/www.algarveboatrental.com\/wp-content\/uploads\/2024\/06\/vlada-moscaliova-UwpPxwRWEiU-unsplash.jpg","contentUrl":"https:\/\/www.algarveboatrental.com\/wp-content\/uploads\/2024\/06\/vlada-moscaliova-UwpPxwRWEiU-unsplash.jpg","width":1920,"height":2400},{"@type":"BreadcrumbList","@id":"https:\/\/www.algarveboatrental.com\/fr\/faqs\/#breadcrumb","itemListElement":[{"@type":"ListItem","position":1,"name":"Home","item":"https:\/\/www.algarveboatrental.com\/fr\/"},{"@type":"ListItem","position":2,"name":"FAQ"}]},{"@type":"WebSite","@id":"https:\/\/www.algarveboatrental.com\/fr\/#website","url":"https:\/\/www.algarveboatrental.com\/fr\/","name":"Algarve Boat Rental","description":"Sp\u00e9cialistes de la location de bateaux avec ou sans skipper, et de la location de voiliers et yachts \u00e0 moteur \u00e0 Lagos, au Portugal","publisher":{"@id":"https:\/\/www.algarveboatrental.com\/fr\/#organization"},"potentialAction":[{"@type":"SearchAction","target":{"@type":"EntryPoint","urlTemplate":"https:\/\/www.algarveboatrental.com\/fr\/?s={search_term_string}"},"query-input":{"@type":"PropertyValueSpecification","valueRequired":true,"valueName":"search_term_string"}}],"inLanguage":"fr-FR"},{"@type":"Organization","@id":"https:\/\/www.algarveboatrental.com\/fr\/#organization","name":"Algarve Boat Rental","url":"https:\/\/www.algarveboatrental.com\/fr\/","logo":{"@type":"ImageObject","inLanguage":"fr-FR","@id":"https:\/\/www.algarveboatrental.com\/fr\/#\/schema\/logo\/image\/","url":"https:\/\/www.algarveboatrental.com\/wp-content\/uploads\/2024\/05\/abr-colour-logo.svg","contentUrl":"https:\/\/www.algarveboatrental.com\/wp-content\/uploads\/2024\/05\/abr-colour-logo.svg","width":192,"height":39,"caption":"Algarve Boat Rental"},"image":{"@id":"https:\/\/www.algarveboatrental.com\/fr\/#\/schema\/logo\/image\/"}}]}},"_links":{"self":[{"href":"https:\/\/www.algarveboatrental.com\/fr\/wp-json\/wp\/v2\/pages\/1872","targetHints":{"allow":["GET"]}}],"collection":[{"href":"https:\/\/www.algarveboatrental.com\/fr\/wp-json\/wp\/v2\/pages"}],"about":[{"href":"https:\/\/www.algarveboatrental.com\/fr\/wp-json\/wp\/v2\/types\/page"}],"author":[{"embeddable":true,"href":"https:\/\/www.algarveboatrental.com\/fr\/wp-json\/wp\/v2\/users\/1"}],"replies":[{"embeddable":true,"href":"https:\/\/www.algarveboatrental.com\/fr\/wp-json\/wp\/v2\/comments?post=1872"}],"version-history":[{"count":26,"href":"https:\/\/www.algarveboatrental.com\/fr\/wp-json\/wp\/v2\/pages\/1872\/revisions"}],"predecessor-version":[{"id":8699,"href":"https:\/\/www.algarveboatrental.com\/fr\/wp-json\/wp\/v2\/pages\/1872\/revisions\/8699"}],"wp:featuredmedia":[{"embeddable":true,"href":"https:\/\/www.algarveboatrental.com\/fr\/wp-json\/wp\/v2\/media\/3873"}],"wp:attachment":[{"href":"https:\/\/www.algarveboatrental.com\/fr\/wp-json\/wp\/v2\/media?parent=1872"}],"curies":[{"name":"wp","href":"https:\/\/api.w.org\/{rel}","templated":true}]}}