{"id":8627,"date":"2025-07-22T12:37:02","date_gmt":"2025-07-22T12:37:02","guid":{"rendered":"https:\/\/www.algarveboatrental.com\/?page_id=8627"},"modified":"2025-07-22T14:31:43","modified_gmt":"2025-07-22T14:31:43","slug":"faq","status":"publish","type":"page","link":"https:\/\/www.algarveboatrental.com\/fr\/faq\/","title":{"rendered":"R\u00e9solution Alternative des Litiges"},"content":{"rendered":"\n<div class=\"wp-block-columns alignwide is-layout-flex wp-container-core-columns-is-layout-eacb975e wp-block-columns-is-layout-flex\" style=\"margin-top:var(--wp--preset--spacing--50);margin-bottom:var(--wp--preset--spacing--50)\">\n<div class=\"wp-block-column is-vertically-aligned-stretch is-layout-flow wp-block-column-is-layout-flow\">\n<h4 class=\"wp-block-heading\" id=\"h-what-are-alternative-dispute-resolution-entities-for-consumer-disputes\">Qu\u2019est-ce que les Entit\u00e9s de R\u00e9solution Alternative des Litiges de Consommation ?<\/h4>\n\n\n\n<p class=\"has-base-font-size\">La R\u00e9solution Alternative des Litiges de Consommation (d\u00e9sign\u00e9e RAL) couvre la m\u00e9diation, la conciliation et l\u2019arbitrage.<\/p>\n\n\n\n<p class=\"has-base-font-size\">Ce sont principalement des Centres d\u2019Arbitrage de Conflits de Consommation, qui proc\u00e8dent \u00e0 la r\u00e9solution des litiges par des proc\u00e9dures de m\u00e9diation, de conciliation et d\u2019arbitrage, de mani\u00e8re gratuite ou \u00e0 co\u00fbts r\u00e9duits. Ils offrent des informations gratuites sur les questions de consommation et c\u2019est la possibilit\u00e9 pour tous les consommateurs de recourir \u00e0 des entit\u00e9s officielles qui les aident \u00e0 r\u00e9soudre ou \u00e0 orienter un conflit, avant d\u2019entamer des proc\u00e9dures judiciaires devant les Tribunaux. <\/p>\n\n\n\n<p class=\"has-base-font-size\">La r\u00e9solution alternative des litiges est g\u00e9n\u00e9ralement moins co\u00fbteuse, moins formelle et plus rapide que la voie judiciaire.<\/p>\n\n\n\n<h5 class=\"wp-block-heading\" id=\"h-algarve\">Algarve<\/h5>\n\n\n\n<p class=\"has-base-font-size\">CIMAAL (Centro de Informa\u00e7\u00e3o, Media\u00e7\u00e3o e Arbitragem de Conflitos de Consumo do Algarve)<br\/><a href=\"https:\/\/www.consumoalgarve.pt\/index.php\/pt\/\">www.consumoalgarve.pt\/index.php\/pt\/<\/a><\/p>\n\n\n\n<p class=\"has-base-font-size\">Av\u00aa. 5 de Outubro, n\u00ba. 55, R\/C Dt\u00ba.<br\/>8000-075 Faro, Portugal  <\/p>\n\n\n\n<p class=\"has-base-font-size\">Phone: 289 823 135 (Appel vers le r\u00e9seau fixe national)<br\/>Email: <a href=\"mailto:info@consumoalgarve.pt\">info@consumoalgarve.pt<\/a><\/p>\n\n\n\n<h4 class=\"wp-block-heading\" id=\"h-other-regions\">Autres R\u00e9gions<\/h4>\n\n\n\n<h5 class=\"wp-block-heading\" id=\"h-porto\">Porto<\/h5>\n\n\n\n<p class=\"has-base-font-size\">CICAP (Centro de Informa\u00e7\u00e3o de Consumo e Arbitragem do Porto)<br\/><a href=\"http:\/\/www.cicap.pt\/\">www.cicap.pt<\/a><\/p>\n\n\n\n<h5 class=\"wp-block-heading\" id=\"h-centro\">Centro<\/h5>\n\n\n\n<p class=\"has-base-font-size\">CACRC (Centro de Arbitragem de Conflitos de Coimbra)<br\/><a href=\"http:\/\/www.centrodearbitragemdecoimbra.com\/\">www.centrodearbitragemdecoimbra.com<\/a><\/p>\n\n\n\n<h5 class=\"wp-block-heading\" id=\"h-lisbon\">Lisbonne<\/h5>\n\n\n\n<p class=\"has-base-font-size\">CACCL (Centro de Arbitragem de Conflitos de Consumo de Lisboa)<br\/><a href=\"http:\/\/www.centroarbitragemlisboa.pt\/\">www.centroarbitragemlisboa.pt<\/a><\/p>\n\n\n\n<h5 class=\"wp-block-heading\" id=\"h-alentejo\">Alentejo<\/h5>\n\n\n\n<p class=\"has-base-font-size\">CNIACC (Centro Nacional de Informa\u00e7\u00e3o e Arbitragem de Conflitos de Consumo)<\/p>\n\n\n\n<h5 class=\"wp-block-heading\" id=\"h-madeira\">Madeira<\/h5>\n\n\n\n<p class=\"has-base-font-size\">CACCRAM (Centro de Arbitragem de Conflitos de Consumo da Regi\u00e3o Aut\u00f3noma da Madeira)<\/p>\n\n\n\n<p class=\"has-base-font-size\">Pour plus d\u2019informations, vous pouvez acc\u00e9der au Portail du Consommateur: <a href=\"https:\/\/www.consumoalgarve.pt\/index.php\/pt\/\">www.consumoalgarve.pt\/index.php\/pt\/<\/a><\/p>\n\n\n\n<h5 class=\"wp-block-heading\" id=\"h-european-union\">Union Europ\u00e9enne<\/h5>\n\n\n\n<p class=\"has-base-font-size\">L\u2019Union Europ\u00e9enne a cr\u00e9\u00e9 un site pour aider les consommateurs \u00e0 pr\u00e9senter leurs r\u00e9clamations concernant tout litige dans lequel ils sont impliqu\u00e9s.<\/p>\n\n\n\n<p class=\"has-base-font-size\"><a href=\"https:\/\/ec.europa.eu\/consumers\/odr\/main\/index.cfm?event=main.home2.show&amp;lng=PT\">ec.europa.eu\/consumers\/odr\/main\/index.cfm?event=main.home2.show&amp;lng=PT<\/a><\/p>\n\n\n\n<p><\/p>\n\n\n\n<hr class=\"wp-block-separator has-text-color has-base-color has-alpha-channel-opacity has-base-background-color has-background is-style-wide\"\/>\n\n\n\n<p class=\"has-text-align-left has-base-font-size\" style=\"font-style:normal;font-weight:300\">Vous avez encore des questions ? <a href=\"https:\/\/www.algarveboatrental.com\/fr\/contact\/\">Contactez-nous<\/a>, nous serons heureux de vous aider!<\/p>\n<\/div>\n<\/div>\n","protected":false},"excerpt":{"rendered":"<p>Qu\u2019est-ce que les Entit\u00e9s de R\u00e9solution Alternative des Litiges de Consommation ? La R\u00e9solution Alternative des Litiges de Consommation (d\u00e9sign\u00e9e RAL) couvre la m\u00e9diation, la conciliation et l\u2019arbitrage. Ce sont principalement des Centres d\u2019Arbitrage de Conflits de Consommation, qui proc\u00e8dent \u00e0 la r\u00e9solution des litiges par des proc\u00e9dures de m\u00e9diation, de conciliation et d\u2019arbitrage, de [&hellip;]<\/p>\n","protected":false},"author":3,"featured_media":3873,"parent":0,"menu_order":0,"comment_status":"closed","ping_status":"closed","template":"","meta":{"_acf_changed":false,"footnotes":""},"class_list":["post-8627","page","type-page","status-publish","has-post-thumbnail","hentry"],"acf":[],"yoast_head":"<!-- This site is optimized with the Yoast SEO Premium plugin v27.0 (Yoast SEO v27.0) - https:\/\/yoast.com\/product\/yoast-seo-premium-wordpress\/ -->\r\n<title>R\u00e9solution Alternative des Litiges - Algarve Boat Rentals<\/title>\r\n<meta name=\"robots\" content=\"index, follow, max-snippet:-1, max-image-preview:large, max-video-preview:-1\" \/>\r\n<link rel=\"canonical\" href=\"https:\/\/www.algarveboatrental.com\/fr\/faq\/\" \/>\r\n<meta property=\"og:locale\" content=\"fr_FR\" \/>\r\n<meta property=\"og:type\" content=\"article\" \/>\r\n<meta property=\"og:title\" content=\"R\u00e9solution Alternative des Litiges\" \/>\r\n<meta property=\"og:description\" content=\"Qu\u2019est-ce que les Entit\u00e9s de R\u00e9solution Alternative des Litiges de Consommation ? La R\u00e9solution Alternative des Litiges de Consommation (d\u00e9sign\u00e9e RAL) couvre la m\u00e9diation, la conciliation et l\u2019arbitrage. Ce sont principalement des Centres d\u2019Arbitrage de Conflits de Consommation, qui proc\u00e8dent \u00e0 la r\u00e9solution des litiges par des proc\u00e9dures de m\u00e9diation, de conciliation et d\u2019arbitrage, de [&hellip;]\" \/>\r\n<meta property=\"og:url\" content=\"https:\/\/www.algarveboatrental.com\/fr\/faq\/\" \/>\r\n<meta property=\"og:site_name\" content=\"Algarve Boat Rentals\" \/>\r\n<meta property=\"article:modified_time\" content=\"2025-07-22T14:31:43+00:00\" \/>\r\n<meta property=\"og:image\" content=\"https:\/\/www.algarveboatrental.com\/wp-content\/uploads\/2024\/06\/vlada-moscaliova-UwpPxwRWEiU-unsplash.jpg\" \/>\r\n\t<meta property=\"og:image:width\" content=\"1920\" \/>\r\n\t<meta property=\"og:image:height\" content=\"2400\" \/>\r\n\t<meta property=\"og:image:type\" content=\"image\/jpeg\" \/>\r\n<meta name=\"twitter:card\" content=\"summary_large_image\" \/>\r\n<meta name=\"twitter:label1\" content=\"Est. reading time\" \/>\n\t<meta name=\"twitter:data1\" content=\"3 minutes\" \/>\r\n<script type=\"application\/ld+json\" class=\"yoast-schema-graph\">{\"@context\":\"https:\/\/schema.org\",\"@graph\":[{\"@type\":\"WebPage\",\"@id\":\"https:\/\/www.algarveboatrental.com\/fr\/faq\/\",\"url\":\"https:\/\/www.algarveboatrental.com\/fr\/faq\/\",\"name\":\"R\u00e9solution Alternative des Litiges - Algarve Boat Rentals\",\"isPartOf\":{\"@id\":\"https:\/\/www.algarveboatrental.com\/fr\/#website\"},\"primaryImageOfPage\":{\"@id\":\"https:\/\/www.algarveboatrental.com\/fr\/faq\/#primaryimage\"},\"image\":{\"@id\":\"https:\/\/www.algarveboatrental.com\/fr\/faq\/#primaryimage\"},\"thumbnailUrl\":\"https:\/\/www.algarveboatrental.com\/wp-content\/uploads\/2024\/06\/vlada-moscaliova-UwpPxwRWEiU-unsplash.jpg\",\"datePublished\":\"2025-07-22T12:37:02+00:00\",\"dateModified\":\"2025-07-22T14:31:43+00:00\",\"breadcrumb\":{\"@id\":\"https:\/\/www.algarveboatrental.com\/fr\/faq\/#breadcrumb\"},\"inLanguage\":\"fr-FR\",\"potentialAction\":[{\"@type\":\"ReadAction\",\"target\":[\"https:\/\/www.algarveboatrental.com\/fr\/faq\/\"]}]},{\"@type\":\"ImageObject\",\"inLanguage\":\"fr-FR\",\"@id\":\"https:\/\/www.algarveboatrental.com\/fr\/faq\/#primaryimage\",\"url\":\"https:\/\/www.algarveboatrental.com\/wp-content\/uploads\/2024\/06\/vlada-moscaliova-UwpPxwRWEiU-unsplash.jpg\",\"contentUrl\":\"https:\/\/www.algarveboatrental.com\/wp-content\/uploads\/2024\/06\/vlada-moscaliova-UwpPxwRWEiU-unsplash.jpg\",\"width\":1920,\"height\":2400},{\"@type\":\"BreadcrumbList\",\"@id\":\"https:\/\/www.algarveboatrental.com\/fr\/faq\/#breadcrumb\",\"itemListElement\":[{\"@type\":\"ListItem\",\"position\":1,\"name\":\"Home\",\"item\":\"https:\/\/www.algarveboatrental.com\/fr\/\"},{\"@type\":\"ListItem\",\"position\":2,\"name\":\"R\u00e9solution Alternative des Litiges\"}]},{\"@type\":\"WebSite\",\"@id\":\"https:\/\/www.algarveboatrental.com\/fr\/#website\",\"url\":\"https:\/\/www.algarveboatrental.com\/fr\/\",\"name\":\"Algarve Boat Rental\",\"description\":\"Sp\u00e9cialistes de la location de bateaux avec ou sans skipper, et de la location de voiliers et yachts \u00e0 moteur \u00e0 Lagos, au Portugal\",\"publisher\":{\"@id\":\"https:\/\/www.algarveboatrental.com\/fr\/#organization\"},\"potentialAction\":[{\"@type\":\"SearchAction\",\"target\":{\"@type\":\"EntryPoint\",\"urlTemplate\":\"https:\/\/www.algarveboatrental.com\/fr\/?s={search_term_string}\"},\"query-input\":{\"@type\":\"PropertyValueSpecification\",\"valueRequired\":true,\"valueName\":\"search_term_string\"}}],\"inLanguage\":\"fr-FR\"},{\"@type\":\"Organization\",\"@id\":\"https:\/\/www.algarveboatrental.com\/fr\/#organization\",\"name\":\"Algarve Boat Rental\",\"url\":\"https:\/\/www.algarveboatrental.com\/fr\/\",\"logo\":{\"@type\":\"ImageObject\",\"inLanguage\":\"fr-FR\",\"@id\":\"https:\/\/www.algarveboatrental.com\/fr\/#\/schema\/logo\/image\/\",\"url\":\"https:\/\/www.algarveboatrental.com\/wp-content\/uploads\/2024\/05\/abr-colour-logo.svg\",\"contentUrl\":\"https:\/\/www.algarveboatrental.com\/wp-content\/uploads\/2024\/05\/abr-colour-logo.svg\",\"width\":192,\"height\":39,\"caption\":\"Algarve Boat Rental\"},\"image\":{\"@id\":\"https:\/\/www.algarveboatrental.com\/fr\/#\/schema\/logo\/image\/\"}}]}<\/script>\r\n<!-- \/ Yoast SEO Premium plugin. -->","yoast_head_json":{"title":"R\u00e9solution Alternative des Litiges - Algarve Boat Rentals","robots":{"index":"index","follow":"follow","max-snippet":"max-snippet:-1","max-image-preview":"max-image-preview:large","max-video-preview":"max-video-preview:-1"},"canonical":"https:\/\/www.algarveboatrental.com\/fr\/faq\/","og_locale":"fr_FR","og_type":"article","og_title":"R\u00e9solution Alternative des Litiges","og_description":"Qu\u2019est-ce que les Entit\u00e9s de R\u00e9solution Alternative des Litiges de Consommation ? La R\u00e9solution Alternative des Litiges de Consommation (d\u00e9sign\u00e9e RAL) couvre la m\u00e9diation, la conciliation et l\u2019arbitrage. Ce sont principalement des Centres d\u2019Arbitrage de Conflits de Consommation, qui proc\u00e8dent \u00e0 la r\u00e9solution des litiges par des proc\u00e9dures de m\u00e9diation, de conciliation et d\u2019arbitrage, de [&hellip;]","og_url":"https:\/\/www.algarveboatrental.com\/fr\/faq\/","og_site_name":"Algarve Boat Rentals","article_modified_time":"2025-07-22T14:31:43+00:00","og_image":[{"width":1920,"height":2400,"url":"https:\/\/www.algarveboatrental.com\/wp-content\/uploads\/2024\/06\/vlada-moscaliova-UwpPxwRWEiU-unsplash.jpg","type":"image\/jpeg"}],"twitter_card":"summary_large_image","twitter_misc":{"Est. reading time":"3 minutes"},"schema":{"@context":"https:\/\/schema.org","@graph":[{"@type":"WebPage","@id":"https:\/\/www.algarveboatrental.com\/fr\/faq\/","url":"https:\/\/www.algarveboatrental.com\/fr\/faq\/","name":"R\u00e9solution Alternative des Litiges - Algarve Boat Rentals","isPartOf":{"@id":"https:\/\/www.algarveboatrental.com\/fr\/#website"},"primaryImageOfPage":{"@id":"https:\/\/www.algarveboatrental.com\/fr\/faq\/#primaryimage"},"image":{"@id":"https:\/\/www.algarveboatrental.com\/fr\/faq\/#primaryimage"},"thumbnailUrl":"https:\/\/www.algarveboatrental.com\/wp-content\/uploads\/2024\/06\/vlada-moscaliova-UwpPxwRWEiU-unsplash.jpg","datePublished":"2025-07-22T12:37:02+00:00","dateModified":"2025-07-22T14:31:43+00:00","breadcrumb":{"@id":"https:\/\/www.algarveboatrental.com\/fr\/faq\/#breadcrumb"},"inLanguage":"fr-FR","potentialAction":[{"@type":"ReadAction","target":["https:\/\/www.algarveboatrental.com\/fr\/faq\/"]}]},{"@type":"ImageObject","inLanguage":"fr-FR","@id":"https:\/\/www.algarveboatrental.com\/fr\/faq\/#primaryimage","url":"https:\/\/www.algarveboatrental.com\/wp-content\/uploads\/2024\/06\/vlada-moscaliova-UwpPxwRWEiU-unsplash.jpg","contentUrl":"https:\/\/www.algarveboatrental.com\/wp-content\/uploads\/2024\/06\/vlada-moscaliova-UwpPxwRWEiU-unsplash.jpg","width":1920,"height":2400},{"@type":"BreadcrumbList","@id":"https:\/\/www.algarveboatrental.com\/fr\/faq\/#breadcrumb","itemListElement":[{"@type":"ListItem","position":1,"name":"Home","item":"https:\/\/www.algarveboatrental.com\/fr\/"},{"@type":"ListItem","position":2,"name":"R\u00e9solution Alternative des Litiges"}]},{"@type":"WebSite","@id":"https:\/\/www.algarveboatrental.com\/fr\/#website","url":"https:\/\/www.algarveboatrental.com\/fr\/","name":"Algarve Boat Rental","description":"Sp\u00e9cialistes de la location de bateaux avec ou sans skipper, et de la location de voiliers et yachts \u00e0 moteur \u00e0 Lagos, au Portugal","publisher":{"@id":"https:\/\/www.algarveboatrental.com\/fr\/#organization"},"potentialAction":[{"@type":"SearchAction","target":{"@type":"EntryPoint","urlTemplate":"https:\/\/www.algarveboatrental.com\/fr\/?s={search_term_string}"},"query-input":{"@type":"PropertyValueSpecification","valueRequired":true,"valueName":"search_term_string"}}],"inLanguage":"fr-FR"},{"@type":"Organization","@id":"https:\/\/www.algarveboatrental.com\/fr\/#organization","name":"Algarve Boat Rental","url":"https:\/\/www.algarveboatrental.com\/fr\/","logo":{"@type":"ImageObject","inLanguage":"fr-FR","@id":"https:\/\/www.algarveboatrental.com\/fr\/#\/schema\/logo\/image\/","url":"https:\/\/www.algarveboatrental.com\/wp-content\/uploads\/2024\/05\/abr-colour-logo.svg","contentUrl":"https:\/\/www.algarveboatrental.com\/wp-content\/uploads\/2024\/05\/abr-colour-logo.svg","width":192,"height":39,"caption":"Algarve Boat Rental"},"image":{"@id":"https:\/\/www.algarveboatrental.com\/fr\/#\/schema\/logo\/image\/"}}]}},"_links":{"self":[{"href":"https:\/\/www.algarveboatrental.com\/fr\/wp-json\/wp\/v2\/pages\/8627","targetHints":{"allow":["GET"]}}],"collection":[{"href":"https:\/\/www.algarveboatrental.com\/fr\/wp-json\/wp\/v2\/pages"}],"about":[{"href":"https:\/\/www.algarveboatrental.com\/fr\/wp-json\/wp\/v2\/types\/page"}],"author":[{"embeddable":true,"href":"https:\/\/www.algarveboatrental.com\/fr\/wp-json\/wp\/v2\/users\/3"}],"replies":[{"embeddable":true,"href":"https:\/\/www.algarveboatrental.com\/fr\/wp-json\/wp\/v2\/comments?post=8627"}],"version-history":[{"count":3,"href":"https:\/\/www.algarveboatrental.com\/fr\/wp-json\/wp\/v2\/pages\/8627\/revisions"}],"predecessor-version":[{"id":8688,"href":"https:\/\/www.algarveboatrental.com\/fr\/wp-json\/wp\/v2\/pages\/8627\/revisions\/8688"}],"wp:featuredmedia":[{"embeddable":true,"href":"https:\/\/www.algarveboatrental.com\/fr\/wp-json\/wp\/v2\/media\/3873"}],"wp:attachment":[{"href":"https:\/\/www.algarveboatrental.com\/fr\/wp-json\/wp\/v2\/media?parent=8627"}],"curies":[{"name":"wp","href":"https:\/\/api.w.org\/{rel}","templated":true}]}}