{"id":1883,"date":"2024-05-25T22:44:41","date_gmt":"2024-05-25T22:44:41","guid":{"rendered":"https:\/\/sandbox_wp.algarveboatrental.com\/contact\/"},"modified":"2025-08-01T09:19:38","modified_gmt":"2025-08-01T09:19:38","slug":"contact","status":"publish","type":"page","link":"https:\/\/www.algarveboatrental.com\/pt-pt\/contact\/","title":{"rendered":"Contacte-nos"},"content":{"rendered":"\n<div class=\"wp-block-columns alignwide is-layout-flex wp-container-core-columns-is-layout-44baa2fd wp-block-columns-is-layout-flex\" style=\"margin-top:var(--wp--preset--spacing--50);margin-bottom:var(--wp--preset--spacing--50)\" data-sal=\"fade\" data-sal-threshold=\"\" data-sal-delay=\"\" data-sal-duration=\"1000\" data-sal-easing=\"ease\" data-sal-once=\"false\">\n<div class=\"wp-block-column is-layout-flow wp-block-column-is-layout-flow\">\n<h2 class=\"wp-block-heading\" id=\"h-get-in-touch\" style=\"margin-bottom:var(--wp--preset--spacing--20);font-style:normal;font-weight:500\">Entre em contacto<\/h2>\n\n\n\n<p class=\"has-base-font-size\" style=\"font-style:normal;font-weight:300\">Por favor consulte as <a href=\"https:\/\/www.algarveboatrental.com\/pt-pt\/faqs\/\">FAQs<\/a> para ver se encontra a resposta \u00e0 sua pergunta. Assim poupa o seu tempo e o nosso! <br\/><br\/>Se ainda tiver alguma d\u00favida, pode utilizar o formul\u00e1rio abaixo para nos contactar.<\/p>\n\n\n\n<div style=\"height:20px\" aria-hidden=\"true\" class=\"wp-block-spacer\"><\/div>\n\n\n\n<div class=\"forminator-guttenberg\"><div class=\"forminator-ui forminator-custom-form forminator-custom-form-1722 forminator-design--default  forminator_ajax\" data-forminator-render=\"0\" data-form=\"forminator-module-1722\" data-uid=\"69f18c9ceef6e\"><br\/><\/div><form\n\t\t\t\tid=\"forminator-module-1722\"\n\t\t\t\tclass=\"forminator-ui forminator-custom-form forminator-custom-form-1722 forminator-design--default  forminator_ajax\"\n\t\t\t\tmethod=\"post\"\n\t\t\t\tdata-forminator-render=\"0\"\n\t\t\t\tdata-form-id=\"1722\"\n\t\t\t\t data-color-option=\"default\" data-design=\"default\" data-grid=\"open\" style=\"display: none;\"\n\t\t\t\tdata-uid=\"69f18c9ceef6e\"\n\t\t\t><div role=\"alert\" aria-live=\"polite\" class=\"forminator-response-message forminator-error\" aria-hidden=\"true\"><\/div><div class=\"forminator-row\"><div id=\"name-1\" class=\"forminator-field-name forminator-col forminator-col-6 \"><div class=\"forminator-field\"><label for=\"forminator-field-name-1_69f18c9ceef6e\" id=\"forminator-field-name-1_69f18c9ceef6e-label\" class=\"forminator-label\">First Name <span class=\"forminator-required\">*<\/span><\/label><input type=\"text\" name=\"name-1\" value=\"\" placeholder=\"First Name\" id=\"forminator-field-name-1_69f18c9ceef6e\" class=\"forminator-input forminator-name--field\" aria-required=\"true\" autocomplete=\"name\" \/><\/div><\/div><div id=\"name-2\" class=\"forminator-field-name forminator-col forminator-col-6 \"><div class=\"forminator-field\"><label for=\"forminator-field-name-2_69f18c9ceef6e\" id=\"forminator-field-name-2_69f18c9ceef6e-label\" class=\"forminator-label\">Last Name <span class=\"forminator-required\">*<\/span><\/label><input type=\"text\" name=\"name-2\" value=\"\" placeholder=\"Last Name\" id=\"forminator-field-name-2_69f18c9ceef6e\" class=\"forminator-input forminator-name--field\" aria-required=\"true\" autocomplete=\"name\" \/><\/div><\/div><\/div><div class=\"forminator-row\"><div id=\"email-1\" class=\"forminator-field-email forminator-col forminator-col-12 \"><div class=\"forminator-field\"><label for=\"forminator-field-email-1_69f18c9ceef6e\" id=\"forminator-field-email-1_69f18c9ceef6e-label\" class=\"forminator-label\">Email Address <span class=\"forminator-required\">*<\/span><\/label><input type=\"email\" name=\"email-1\" value=\"\" placeholder=\"Email Address\" id=\"forminator-field-email-1_69f18c9ceef6e\" class=\"forminator-input forminator-email--field\" data-required=\"true\" aria-required=\"true\" autocomplete=\"email\" \/><\/div><\/div><\/div><div class=\"forminator-row\"><div id=\"select-1\" class=\"forminator-field-select forminator-col forminator-col-12 \"><div class=\"forminator-field\"><label for=\"forminator-form-1722__field--select-1_69f18c9ceef6e\" id=\"forminator-form-1722__field--select-1_69f18c9ceef6e-label\" class=\"forminator-label\">What&#039;s the nature of your enquiry?<\/label><select  id=\"forminator-form-1722__field--select-1_69f18c9ceef6e\" class=\"forminator-select--field forminator-select2 forminator-select2-multiple\" data-required=\"\" name=\"select-1\" data-default-value=\"\" data-hidden-behavior=\"zero\" data-placeholder=\"What&#039;s the nature of your enquiry?\" data-search=\"false\" data-search-placeholder=\"What&#039;s the nature of your enquiry?\" data-checkbox=\"false\" data-allow-clear=\"false\" aria-labelledby=\"forminator-form-1722__field--select-1_69f18c9ceef6e-label\"><option value=\"\"  >What&#039;s the nature of your enquiry?<\/option><option value=\"one\"  data-calculation=\"0\">General Enquiries<\/option><option value=\"two\"  data-calculation=\"0\">License Information<\/option><option value=\"Special-Request\"  data-calculation=\"0\">Special Request<\/option><\/select><\/div><\/div><\/div><div class=\"forminator-row\"><div id=\"textarea-1\" class=\"forminator-field-textarea forminator-col forminator-col-12 \"><div class=\"forminator-field\"><label for=\"forminator-field-textarea-1_69f18c9ceef6e\" id=\"forminator-field-textarea-1_69f18c9ceef6e-label\" class=\"forminator-label\">Message<\/label><textarea name=\"textarea-1\" placeholder=\"Enter your message...\" id=\"forminator-field-textarea-1_69f18c9ceef6e\" class=\"forminator-textarea\" rows=\"6\" style=\"min-height:140px;\" maxlength=\"180\" ><\/textarea><span id=\"forminator-field-textarea-1_69f18c9ceef6e-description\" class=\"forminator-description\"><span data-limit=\"180\" data-type=\"characters\" data-editor=\"\">0 \/ 180<\/span><\/span><\/div><\/div><\/div><div class=\"forminator-row\"><div id=\"captcha-1\" class=\"forminator-field-captcha forminator-col forminator-col-12 \"><div class=\"forminator-captcha-left forminator-hcaptcha\" data-theme=\"light\"  data-sitekey=\"8c6294d2-d08c-4f12-a5b0-012c7cb8cae0\" data-size=\"normal\"><\/div> <\/div><\/div><input type=\"hidden\" name=\"referer_url\" value=\"\" \/><div class=\"forminator-row forminator-row-last\"><div class=\"forminator-col\"><div class=\"forminator-field\"><button class=\"forminator-button forminator-button-submit\">Send Message<\/button><\/div><\/div><\/div><input type=\"hidden\" id=\"forminator_nonce\" name=\"forminator_nonce\" value=\"07a1612940\" \/><input type=\"hidden\" name=\"_wp_http_referer\" value=\"\/pt-pt\/wp-json\/wp\/v2\/pages\/1883\" \/><input type=\"hidden\" name=\"form_id\" value=\"1722\"><input type=\"hidden\" name=\"page_id\" value=\"1883\"><input type=\"hidden\" name=\"form_type\" value=\"default\"><input type=\"hidden\" name=\"current_url\" value=\"https:\/\/www.algarveboatrental.com\/pt-pt\/contact\/\"><input type=\"hidden\" name=\"render_id\" value=\"0\"><input type=\"hidden\" name=\"action\" value=\"forminator_submit_form_custom-forms\"><label for=\"input_6\" class=\"forminator-hidden\" aria-hidden=\"true\">Please do not fill in this field. <input id=\"input_6\" type=\"text\" name=\"input_6\" value=\"\" autocomplete=\"off\"><\/label><\/form><\/div>\n<\/div>\n\n\n\n<div class=\"wp-block-column has-base-background-color has-background has-base-font-size is-layout-flow wp-block-column-is-layout-flow\" style=\"font-style:normal;font-weight:300\">\n<h2 class=\"wp-block-heading\" id=\"h-how-to-find-us\" style=\"margin-bottom:var(--wp--preset--spacing--20);font-style:normal;font-weight:500\">Como nos encontrar<\/h2>\n\n\n\n<iframe src=\"https:\/\/www.google.com\/maps\/embed?pb=!1m14!1m8!1m3!1d432.4253664422317!2d-8.673273853372955!3d37.109352087370794!3m2!1i1024!2i768!4f13.1!3m3!1m2!1s0xd1b31ff21d52617%3A0x10ca43c2f56d3ed7!2sAlgarve%20Boat%20Rentals!5e1!3m2!1sen!2spt!4v1753191584230!5m2!1sen!2spt\" width=\"600\" height=\"450\" style=\"border:0;\" allowfullscreen=\"\" loading=\"lazy\" referrerpolicy=\"no-referrer-when-downgrade\"><\/iframe>\n\n\n\n<hr class=\"wp-block-separator has-text-color has-base-color has-alpha-channel-opacity has-base-background-color has-background\"\/>\n\n\n\n<p class=\"has-base-font-size\" style=\"font-style:normal;font-weight:500\"><strong>Algarve Boat Rental, Marina de Lagos, Loja 11, 8600-780 Lagos, Portugal<\/strong><\/p>\n\n\n\n<hr class=\"wp-block-separator has-text-color has-base-color has-alpha-channel-opacity has-base-background-color has-background\"\/>\n\n\n\n<h2 class=\"wp-block-heading\" id=\"h-have-a-question\" style=\"margin-bottom:var(--wp--preset--spacing--20);font-style:normal;font-weight:500\">Tem uma pergunta?<\/h2>\n\n\n\n<div class=\"wp-block-group is-vertical is-content-justification-left is-layout-flex wp-container-core-group-is-layout-c948f536 wp-block-group-is-layout-flex\">\n<div class=\"wp-block-group is-nowrap is-layout-flex wp-container-core-group-is-layout-6c531013 wp-block-group-is-layout-flex\">\n<figure class=\"wp-block-image size-full is-resized\"><img loading=\"lazy\" decoding=\"async\" width=\"130\" height=\"91\" src=\"https:\/\/www.algarveboatrental.com\/wp-content\/uploads\/2024\/07\/file-02.png\" alt=\"\" class=\"wp-image-4406\" style=\"width:30px\"\/><\/figure>\n\n\n\n<div class=\"wp-block-group is-vertical is-layout-flex wp-container-core-group-is-layout-fe9cc265 wp-block-group-is-layout-flex\">\n<p class=\"has-base-font-size\" style=\"font-style:normal;font-weight:500;line-height:0.5\">(+351) 913338580<\/p>\n\n\n\n<p class=\"has-extra-small-font-size\" style=\"line-height:0.5\">&#8211; Custo da chamada para a tarifa da rede m\u00f3vel nacional<\/p>\n<\/div>\n<\/div>\n\n\n\n<hr class=\"wp-block-separator has-text-color has-base-color has-alpha-channel-opacity has-base-background-color has-background\"\/>\n\n\n\n<div class=\"wp-block-group is-nowrap is-layout-flex wp-container-core-group-is-layout-cd9ab148 wp-block-group-is-layout-flex\">\n<figure class=\"wp-block-image size-full is-resized\"><img loading=\"lazy\" decoding=\"async\" width=\"129\" height=\"92\" src=\"https:\/\/www.algarveboatrental.com\/wp-content\/uploads\/2024\/07\/file-04.png\" alt=\"\" class=\"wp-image-4414\" style=\"width:30px\"\/><\/figure>\n\n\n\n<div class=\"wp-block-group is-vertical is-layout-flex wp-container-core-group-is-layout-fe9cc265 wp-block-group-is-layout-flex\">\n<p class=\"has-base-font-size\" style=\"font-style:normal;font-weight:500;line-height:0.5\">(+44) 3003032171<\/p>\n\n\n\n<p class=\"has-extra-small-font-size\" style=\"line-height:0.5\">&#8211; Custo da chamada para a tarifa do Reino Unido<\/p>\n<\/div>\n<\/div>\n\n\n\n<hr class=\"wp-block-separator has-text-color has-base-color has-alpha-channel-opacity has-base-background-color has-background\"\/>\n\n\n\n<div class=\"wp-block-group is-content-justification-left is-nowrap is-layout-flex wp-container-core-group-is-layout-327ecd92 wp-block-group-is-layout-flex\">\n<figure class=\"wp-block-image size-full is-resized\"><img loading=\"lazy\" decoding=\"async\" width=\"129\" height=\"91\" src=\"https:\/\/www.algarveboatrental.com\/wp-content\/uploads\/2024\/07\/file-03.png\" alt=\"\" class=\"wp-image-4410\" style=\"width:30px\"\/><\/figure>\n\n\n\n<div class=\"wp-block-group is-vertical is-layout-flex wp-container-core-group-is-layout-fe9cc265 wp-block-group-is-layout-flex\">\n<p class=\"has-base-font-size\" style=\"font-style:normal;font-weight:500;line-height:0.5\">(+1) 8662017404<\/p>\n\n\n\n<p class=\"has-extra-small-font-size\" style=\"line-height:0.5\">&#8211; Custo da chamada para a tarifa dos EUA<\/p>\n<\/div>\n<\/div>\n<\/div>\n<\/div>\n<\/div>\n\n<p><\/p>\n","protected":false},"excerpt":{"rendered":"<p>Entre em contacto Por favor consulte as FAQs para ver se encontra a resposta \u00e0 sua pergunta. Assim poupa o seu tempo e o nosso! Se ainda tiver alguma d\u00favida, pode utilizar o formul\u00e1rio abaixo para nos contactar. Como nos encontrar Algarve Boat Rental, Marina de Lagos, Loja 11, 8600-780 Lagos, Portugal Tem uma pergunta? [&hellip;]<\/p>\n","protected":false},"author":1,"featured_media":7432,"parent":0,"menu_order":0,"comment_status":"closed","ping_status":"closed","template":"","meta":{"_acf_changed":false,"footnotes":""},"class_list":["post-1883","page","type-page","status-publish","has-post-thumbnail","hentry"],"acf":[],"yoast_head":"<!-- This site is optimized with the Yoast SEO Premium plugin v27.0 (Yoast SEO v27.0) - https:\/\/yoast.com\/product\/yoast-seo-premium-wordpress\/ -->\r\n<title>Contacte-nos - Algarve Boat Rentals<\/title>\r\n<meta name=\"robots\" content=\"index, follow, max-snippet:-1, max-image-preview:large, max-video-preview:-1\" \/>\r\n<link rel=\"canonical\" href=\"https:\/\/www.algarveboatrental.com\/pt-pt\/contact\/\" \/>\r\n<meta property=\"og:locale\" content=\"pt_PT\" \/>\r\n<meta property=\"og:type\" content=\"article\" \/>\r\n<meta property=\"og:title\" content=\"Contacte-nos\" \/>\r\n<meta property=\"og:description\" content=\"Entre em contacto Por favor consulte as FAQs para ver se encontra a resposta \u00e0 sua pergunta. Assim poupa o seu tempo e o nosso! Se ainda tiver alguma d\u00favida, pode utilizar o formul\u00e1rio abaixo para nos contactar. Como nos encontrar Algarve Boat Rental, Marina de Lagos, Loja 11, 8600-780 Lagos, Portugal Tem uma pergunta? [&hellip;]\" \/>\r\n<meta property=\"og:url\" content=\"https:\/\/www.algarveboatrental.com\/pt-pt\/contact\/\" \/>\r\n<meta property=\"og:site_name\" content=\"Algarve Boat Rentals\" \/>\r\n<meta property=\"article:modified_time\" content=\"2025-08-01T09:19:38+00:00\" \/>\r\n<meta property=\"og:image\" content=\"https:\/\/www.algarveboatrental.com\/wp-content\/uploads\/2024\/05\/abr-40-1024x682.jpg\" \/>\r\n\t<meta property=\"og:image:width\" content=\"1024\" \/>\r\n\t<meta property=\"og:image:height\" content=\"682\" \/>\r\n\t<meta property=\"og:image:type\" content=\"image\/jpeg\" \/>\r\n<meta name=\"twitter:card\" content=\"summary_large_image\" \/>\r\n<meta name=\"twitter:label1\" content=\"Est. reading time\" \/>\n\t<meta name=\"twitter:data1\" content=\"1 minute\" \/>\r\n<script type=\"application\/ld+json\" class=\"yoast-schema-graph\">{\"@context\":\"https:\/\/schema.org\",\"@graph\":[{\"@type\":\"WebPage\",\"@id\":\"https:\/\/www.algarveboatrental.com\/pt-pt\/contact\/\",\"url\":\"https:\/\/www.algarveboatrental.com\/pt-pt\/contact\/\",\"name\":\"Contacte-nos - Algarve Boat Rentals\",\"isPartOf\":{\"@id\":\"https:\/\/www.algarveboatrental.com\/pt-pt\/#website\"},\"primaryImageOfPage\":{\"@id\":\"https:\/\/www.algarveboatrental.com\/pt-pt\/contact\/#primaryimage\"},\"image\":{\"@id\":\"https:\/\/www.algarveboatrental.com\/pt-pt\/contact\/#primaryimage\"},\"thumbnailUrl\":\"https:\/\/www.algarveboatrental.com\/wp-content\/uploads\/2024\/05\/abr-40-e1751731929811.jpg\",\"datePublished\":\"2024-05-25T22:44:41+00:00\",\"dateModified\":\"2025-08-01T09:19:38+00:00\",\"breadcrumb\":{\"@id\":\"https:\/\/www.algarveboatrental.com\/pt-pt\/contact\/#breadcrumb\"},\"inLanguage\":\"pt-PT\",\"potentialAction\":[{\"@type\":\"ReadAction\",\"target\":[\"https:\/\/www.algarveboatrental.com\/pt-pt\/contact\/\"]}]},{\"@type\":\"ImageObject\",\"inLanguage\":\"pt-PT\",\"@id\":\"https:\/\/www.algarveboatrental.com\/pt-pt\/contact\/#primaryimage\",\"url\":\"https:\/\/www.algarveboatrental.com\/wp-content\/uploads\/2024\/05\/abr-40-e1751731929811.jpg\",\"contentUrl\":\"https:\/\/www.algarveboatrental.com\/wp-content\/uploads\/2024\/05\/abr-40-e1751731929811.jpg\",\"width\":2000,\"height\":1333},{\"@type\":\"BreadcrumbList\",\"@id\":\"https:\/\/www.algarveboatrental.com\/pt-pt\/contact\/#breadcrumb\",\"itemListElement\":[{\"@type\":\"ListItem\",\"position\":1,\"name\":\"Home\",\"item\":\"https:\/\/www.algarveboatrental.com\/pt-pt\/\"},{\"@type\":\"ListItem\",\"position\":2,\"name\":\"Contacte-nos\"}]},{\"@type\":\"WebSite\",\"@id\":\"https:\/\/www.algarveboatrental.com\/pt-pt\/#website\",\"url\":\"https:\/\/www.algarveboatrental.com\/pt-pt\/\",\"name\":\"Algarve Boat Rental\",\"description\":\"Especialistas em aluguer de barcos com ou sem tripula\u00e7\u00e3o, e em charter de veleiros e iates a motor em Lagos, Portugal\",\"publisher\":{\"@id\":\"https:\/\/www.algarveboatrental.com\/pt-pt\/#organization\"},\"potentialAction\":[{\"@type\":\"SearchAction\",\"target\":{\"@type\":\"EntryPoint\",\"urlTemplate\":\"https:\/\/www.algarveboatrental.com\/pt-pt\/?s={search_term_string}\"},\"query-input\":{\"@type\":\"PropertyValueSpecification\",\"valueRequired\":true,\"valueName\":\"search_term_string\"}}],\"inLanguage\":\"pt-PT\"},{\"@type\":\"Organization\",\"@id\":\"https:\/\/www.algarveboatrental.com\/pt-pt\/#organization\",\"name\":\"Algarve Boat Rental\",\"url\":\"https:\/\/www.algarveboatrental.com\/pt-pt\/\",\"logo\":{\"@type\":\"ImageObject\",\"inLanguage\":\"pt-PT\",\"@id\":\"https:\/\/www.algarveboatrental.com\/pt-pt\/#\/schema\/logo\/image\/\",\"url\":\"https:\/\/www.algarveboatrental.com\/wp-content\/uploads\/2024\/05\/abr-colour-logo.svg\",\"contentUrl\":\"https:\/\/www.algarveboatrental.com\/wp-content\/uploads\/2024\/05\/abr-colour-logo.svg\",\"width\":192,\"height\":39,\"caption\":\"Algarve Boat Rental\"},\"image\":{\"@id\":\"https:\/\/www.algarveboatrental.com\/pt-pt\/#\/schema\/logo\/image\/\"}}]}<\/script>\r\n<!-- \/ Yoast SEO Premium plugin. -->","yoast_head_json":{"title":"Contacte-nos - Algarve Boat Rentals","robots":{"index":"index","follow":"follow","max-snippet":"max-snippet:-1","max-image-preview":"max-image-preview:large","max-video-preview":"max-video-preview:-1"},"canonical":"https:\/\/www.algarveboatrental.com\/pt-pt\/contact\/","og_locale":"pt_PT","og_type":"article","og_title":"Contacte-nos","og_description":"Entre em contacto Por favor consulte as FAQs para ver se encontra a resposta \u00e0 sua pergunta. Assim poupa o seu tempo e o nosso! Se ainda tiver alguma d\u00favida, pode utilizar o formul\u00e1rio abaixo para nos contactar. Como nos encontrar Algarve Boat Rental, Marina de Lagos, Loja 11, 8600-780 Lagos, Portugal Tem uma pergunta? [&hellip;]","og_url":"https:\/\/www.algarveboatrental.com\/pt-pt\/contact\/","og_site_name":"Algarve Boat Rentals","article_modified_time":"2025-08-01T09:19:38+00:00","og_image":[{"width":1024,"height":682,"url":"https:\/\/www.algarveboatrental.com\/wp-content\/uploads\/2024\/05\/abr-40-1024x682.jpg","type":"image\/jpeg"}],"twitter_card":"summary_large_image","twitter_misc":{"Est. reading time":"1 minute"},"schema":{"@context":"https:\/\/schema.org","@graph":[{"@type":"WebPage","@id":"https:\/\/www.algarveboatrental.com\/pt-pt\/contact\/","url":"https:\/\/www.algarveboatrental.com\/pt-pt\/contact\/","name":"Contacte-nos - Algarve Boat Rentals","isPartOf":{"@id":"https:\/\/www.algarveboatrental.com\/pt-pt\/#website"},"primaryImageOfPage":{"@id":"https:\/\/www.algarveboatrental.com\/pt-pt\/contact\/#primaryimage"},"image":{"@id":"https:\/\/www.algarveboatrental.com\/pt-pt\/contact\/#primaryimage"},"thumbnailUrl":"https:\/\/www.algarveboatrental.com\/wp-content\/uploads\/2024\/05\/abr-40-e1751731929811.jpg","datePublished":"2024-05-25T22:44:41+00:00","dateModified":"2025-08-01T09:19:38+00:00","breadcrumb":{"@id":"https:\/\/www.algarveboatrental.com\/pt-pt\/contact\/#breadcrumb"},"inLanguage":"pt-PT","potentialAction":[{"@type":"ReadAction","target":["https:\/\/www.algarveboatrental.com\/pt-pt\/contact\/"]}]},{"@type":"ImageObject","inLanguage":"pt-PT","@id":"https:\/\/www.algarveboatrental.com\/pt-pt\/contact\/#primaryimage","url":"https:\/\/www.algarveboatrental.com\/wp-content\/uploads\/2024\/05\/abr-40-e1751731929811.jpg","contentUrl":"https:\/\/www.algarveboatrental.com\/wp-content\/uploads\/2024\/05\/abr-40-e1751731929811.jpg","width":2000,"height":1333},{"@type":"BreadcrumbList","@id":"https:\/\/www.algarveboatrental.com\/pt-pt\/contact\/#breadcrumb","itemListElement":[{"@type":"ListItem","position":1,"name":"Home","item":"https:\/\/www.algarveboatrental.com\/pt-pt\/"},{"@type":"ListItem","position":2,"name":"Contacte-nos"}]},{"@type":"WebSite","@id":"https:\/\/www.algarveboatrental.com\/pt-pt\/#website","url":"https:\/\/www.algarveboatrental.com\/pt-pt\/","name":"Algarve Boat Rental","description":"Especialistas em aluguer de barcos com ou sem tripula\u00e7\u00e3o, e em charter de veleiros e iates a motor em Lagos, Portugal","publisher":{"@id":"https:\/\/www.algarveboatrental.com\/pt-pt\/#organization"},"potentialAction":[{"@type":"SearchAction","target":{"@type":"EntryPoint","urlTemplate":"https:\/\/www.algarveboatrental.com\/pt-pt\/?s={search_term_string}"},"query-input":{"@type":"PropertyValueSpecification","valueRequired":true,"valueName":"search_term_string"}}],"inLanguage":"pt-PT"},{"@type":"Organization","@id":"https:\/\/www.algarveboatrental.com\/pt-pt\/#organization","name":"Algarve Boat Rental","url":"https:\/\/www.algarveboatrental.com\/pt-pt\/","logo":{"@type":"ImageObject","inLanguage":"pt-PT","@id":"https:\/\/www.algarveboatrental.com\/pt-pt\/#\/schema\/logo\/image\/","url":"https:\/\/www.algarveboatrental.com\/wp-content\/uploads\/2024\/05\/abr-colour-logo.svg","contentUrl":"https:\/\/www.algarveboatrental.com\/wp-content\/uploads\/2024\/05\/abr-colour-logo.svg","width":192,"height":39,"caption":"Algarve Boat Rental"},"image":{"@id":"https:\/\/www.algarveboatrental.com\/pt-pt\/#\/schema\/logo\/image\/"}}]}},"_links":{"self":[{"href":"https:\/\/www.algarveboatrental.com\/pt-pt\/wp-json\/wp\/v2\/pages\/1883","targetHints":{"allow":["GET"]}}],"collection":[{"href":"https:\/\/www.algarveboatrental.com\/pt-pt\/wp-json\/wp\/v2\/pages"}],"about":[{"href":"https:\/\/www.algarveboatrental.com\/pt-pt\/wp-json\/wp\/v2\/types\/page"}],"author":[{"embeddable":true,"href":"https:\/\/www.algarveboatrental.com\/pt-pt\/wp-json\/wp\/v2\/users\/1"}],"replies":[{"embeddable":true,"href":"https:\/\/www.algarveboatrental.com\/pt-pt\/wp-json\/wp\/v2\/comments?post=1883"}],"version-history":[{"count":37,"href":"https:\/\/www.algarveboatrental.com\/pt-pt\/wp-json\/wp\/v2\/pages\/1883\/revisions"}],"predecessor-version":[{"id":8757,"href":"https:\/\/www.algarveboatrental.com\/pt-pt\/wp-json\/wp\/v2\/pages\/1883\/revisions\/8757"}],"wp:featuredmedia":[{"embeddable":true,"href":"https:\/\/www.algarveboatrental.com\/pt-pt\/wp-json\/wp\/v2\/media\/7432"}],"wp:attachment":[{"href":"https:\/\/www.algarveboatrental.com\/pt-pt\/wp-json\/wp\/v2\/media?parent=1883"}],"curies":[{"name":"wp","href":"https:\/\/api.w.org\/{rel}","templated":true}]}}